{"id":28420,"date":"2021-04-29T13:54:11","date_gmt":"2021-04-29T11:54:11","guid":{"rendered":"https:\/\/moveupfashion.cz\/?post_type=product&#038;p=28420"},"modified":"2021-05-15T12:39:01","modified_gmt":"2021-05-15T10:39:01","slug":"damska-elegantni-kabelka-bila-2","status":"publish","type":"product","link":"https:\/\/moveupfashion.cz\/?product=damska-elegantni-kabelka-bila-2","title":{"rendered":"D\u00c1MSK\u00c1 ELEGANTN\u00cd KABELKA, B\u00cdL\u00c1"},"content":{"rendered":"<div>\n<div>\n<div>M\u00f3dn\u00ed a origin\u00e1ln\u00ed st\u0159\u00edh.<\/div>\n<div>Ide\u00e1ln\u00ed pro ka\u017edou p\u0159\u00edle\u017eitost.<\/div>\n<\/div>\n<div>Modern\u00ed d\u00e1msk\u00e1 kabelka hezk\u00e9 dopln\u00ed V\u00e1\u0161 outfit<\/div>\n<\/div>\n<div>\n<div><\/div>\n<div><\/div>\n<\/div>\n","protected":false},"excerpt":{"rendered":"<p>Elegantn\u00ed d\u00e1msk\u00e1 kabelka z um\u011bl\u00e1 k\u016f\u017ee p\u0159es rameno.<\/p>\n<div>Materi\u00e1l: um\u011bl\u00e1 k\u016f\u017ee<\/div>\n<div>Rozm\u011bry: 21 x 16 x 4 cm<\/div>\n","protected":false},"featured_media":28416,"comment_status":"open","ping_status":"closed","template":"","meta":[],"product_cat":[66,213,214],"product_tag":[],"_links":{"self":[{"href":"https:\/\/moveupfashion.cz\/index.php?rest_route=\/wp\/v2\/product\/28420"}],"collection":[{"href":"https:\/\/moveupfashion.cz\/index.php?rest_route=\/wp\/v2\/product"}],"about":[{"href":"https:\/\/moveupfashion.cz\/index.php?rest_route=\/wp\/v2\/types\/product"}],"replies":[{"embeddable":true,"href":"https:\/\/moveupfashion.cz\/index.php?rest_route=%2Fwp%2Fv2%2Fcomments&post=28420"}],"wp:featuredmedia":[{"embeddable":true,"href":"https:\/\/moveupfashion.cz\/index.php?rest_route=\/wp\/v2\/media\/28416"}],"wp:attachment":[{"href":"https:\/\/moveupfashion.cz\/index.php?rest_route=%2Fwp%2Fv2%2Fmedia&parent=28420"}],"wp:term":[{"taxonomy":"product_cat","embeddable":true,"href":"https:\/\/moveupfashion.cz\/index.php?rest_route=%2Fwp%2Fv2%2Fproduct_cat&post=28420"},{"taxonomy":"product_tag","embeddable":true,"href":"https:\/\/moveupfashion.cz\/index.php?rest_route=%2Fwp%2Fv2%2Fproduct_tag&post=28420"}],"curies":[{"name":"wp","href":"https:\/\/api.w.org\/{rel}","templated":true}]}}