{"id":28078,"date":"2021-04-21T16:18:19","date_gmt":"2021-04-21T14:18:19","guid":{"rendered":"https:\/\/moveupfashion.cz\/?post_type=product&#038;p=28078"},"modified":"2021-05-15T12:39:09","modified_gmt":"2021-05-15T10:39:09","slug":"damska-elegantni-kabelka-kava","status":"publish","type":"product","link":"https:\/\/moveupfashion.cz\/?product=damska-elegantni-kabelka-kava","title":{"rendered":"D\u00c1MSK\u00dd ELEGANTN\u00cd BATOH, K\u00c1VA"},"content":{"rendered":"<div>\n<div>\n<div>\n<div>\n<div>\n<div>M\u00f3dn\u00ed a origin\u00e1ln\u00ed st\u0159\u00edh.<\/div>\n<div>Ide\u00e1ln\u00ed pro ka\u017edou p\u0159\u00edle\u017eitost.<\/div>\n<\/div>\n<div>Modern\u00ed d\u00e1msk\u00fd batoh hezk\u00e9 dopln\u00ed V\u00e1\u0161 outfit<\/div>\n<\/div>\n<div><\/div>\n<\/div>\n<\/div>\n<\/div>\n","protected":false},"excerpt":{"rendered":"<p>Elegantn\u00ed d\u00e1msk\u00fd\u00a0batoh z pr\u00e1v\u00e9\u00a0hl\u00e1dk\u00e9 k\u016f\u017ee p\u0159es rameno nebo do ruky.<\/p>\n<div>Materi\u00e1l:\u00a0 k\u016f\u017ee<\/div>\n<div>Rozm\u011bry: 25 x 27 x 13 cm<\/div>\n","protected":false},"featured_media":28079,"comment_status":"open","ping_status":"closed","template":"","meta":[],"product_cat":[66,209,211],"product_tag":[],"_links":{"self":[{"href":"https:\/\/moveupfashion.cz\/index.php?rest_route=\/wp\/v2\/product\/28078"}],"collection":[{"href":"https:\/\/moveupfashion.cz\/index.php?rest_route=\/wp\/v2\/product"}],"about":[{"href":"https:\/\/moveupfashion.cz\/index.php?rest_route=\/wp\/v2\/types\/product"}],"replies":[{"embeddable":true,"href":"https:\/\/moveupfashion.cz\/index.php?rest_route=%2Fwp%2Fv2%2Fcomments&post=28078"}],"wp:featuredmedia":[{"embeddable":true,"href":"https:\/\/moveupfashion.cz\/index.php?rest_route=\/wp\/v2\/media\/28079"}],"wp:attachment":[{"href":"https:\/\/moveupfashion.cz\/index.php?rest_route=%2Fwp%2Fv2%2Fmedia&parent=28078"}],"wp:term":[{"taxonomy":"product_cat","embeddable":true,"href":"https:\/\/moveupfashion.cz\/index.php?rest_route=%2Fwp%2Fv2%2Fproduct_cat&post=28078"},{"taxonomy":"product_tag","embeddable":true,"href":"https:\/\/moveupfashion.cz\/index.php?rest_route=%2Fwp%2Fv2%2Fproduct_tag&post=28078"}],"curies":[{"name":"wp","href":"https:\/\/api.w.org\/{rel}","templated":true}]}}