{"id":26976,"date":"2021-04-05T15:27:25","date_gmt":"2021-04-05T13:27:25","guid":{"rendered":"https:\/\/moveupfashion.cz\/?post_type=product&#038;p=26976"},"modified":"2026-04-05T15:47:25","modified_gmt":"2026-04-05T13:47:25","slug":"damske-tricko-s-potiskem-3","status":"publish","type":"product","link":"https:\/\/moveupfashion.cz\/?product=damske-tricko-s-potiskem-3","title":{"rendered":"D\u00c1MSK\u00c9 TRI\u010cKO S POTISKEM"},"content":{"rendered":"","protected":false},"excerpt":{"rendered":"<p>Velikost: UNI<\/p>\n<p>Sed\u00ed na velikost : S, M<\/p>\n<p>Slo\u017een\u00ed: Polyester\u00a0 100%<\/p>\n","protected":false},"featured_media":26964,"comment_status":"open","ping_status":"closed","template":"","meta":[],"product_cat":[15,206],"product_tag":[],"_links":{"self":[{"href":"https:\/\/moveupfashion.cz\/index.php?rest_route=\/wp\/v2\/product\/26976"}],"collection":[{"href":"https:\/\/moveupfashion.cz\/index.php?rest_route=\/wp\/v2\/product"}],"about":[{"href":"https:\/\/moveupfashion.cz\/index.php?rest_route=\/wp\/v2\/types\/product"}],"replies":[{"embeddable":true,"href":"https:\/\/moveupfashion.cz\/index.php?rest_route=%2Fwp%2Fv2%2Fcomments&post=26976"}],"wp:featuredmedia":[{"embeddable":true,"href":"https:\/\/moveupfashion.cz\/index.php?rest_route=\/wp\/v2\/media\/26964"}],"wp:attachment":[{"href":"https:\/\/moveupfashion.cz\/index.php?rest_route=%2Fwp%2Fv2%2Fmedia&parent=26976"}],"wp:term":[{"taxonomy":"product_cat","embeddable":true,"href":"https:\/\/moveupfashion.cz\/index.php?rest_route=%2Fwp%2Fv2%2Fproduct_cat&post=26976"},{"taxonomy":"product_tag","embeddable":true,"href":"https:\/\/moveupfashion.cz\/index.php?rest_route=%2Fwp%2Fv2%2Fproduct_tag&post=26976"}],"curies":[{"name":"wp","href":"https:\/\/api.w.org\/{rel}","templated":true}]}}