{"id":26956,"date":"2021-04-05T15:25:28","date_gmt":"2021-04-05T13:25:28","guid":{"rendered":"https:\/\/moveupfashion.cz\/?post_type=product&#038;p=26956"},"modified":"2026-03-21T08:50:31","modified_gmt":"2026-03-21T07:50:31","slug":"damske-tricko-s-potiskem","status":"publish","type":"product","link":"https:\/\/moveupfashion.cz\/?product=damske-tricko-s-potiskem","title":{"rendered":"D\u00c1MSK\u00c9 TRI\u010cKO S POTISKEM"},"content":{"rendered":"","protected":false},"excerpt":{"rendered":"<p>Velikost: UNI<\/p>\n<p>Sed\u00ed na velikost : S, M<\/p>\n<p>Slo\u017een\u00ed: Polyester\u00a0 100%<\/p>\n","protected":false},"featured_media":26958,"comment_status":"open","ping_status":"closed","template":"","meta":[],"product_cat":[15,206],"product_tag":[],"_links":{"self":[{"href":"https:\/\/moveupfashion.cz\/index.php?rest_route=\/wp\/v2\/product\/26956"}],"collection":[{"href":"https:\/\/moveupfashion.cz\/index.php?rest_route=\/wp\/v2\/product"}],"about":[{"href":"https:\/\/moveupfashion.cz\/index.php?rest_route=\/wp\/v2\/types\/product"}],"replies":[{"embeddable":true,"href":"https:\/\/moveupfashion.cz\/index.php?rest_route=%2Fwp%2Fv2%2Fcomments&post=26956"}],"wp:featuredmedia":[{"embeddable":true,"href":"https:\/\/moveupfashion.cz\/index.php?rest_route=\/wp\/v2\/media\/26958"}],"wp:attachment":[{"href":"https:\/\/moveupfashion.cz\/index.php?rest_route=%2Fwp%2Fv2%2Fmedia&parent=26956"}],"wp:term":[{"taxonomy":"product_cat","embeddable":true,"href":"https:\/\/moveupfashion.cz\/index.php?rest_route=%2Fwp%2Fv2%2Fproduct_cat&post=26956"},{"taxonomy":"product_tag","embeddable":true,"href":"https:\/\/moveupfashion.cz\/index.php?rest_route=%2Fwp%2Fv2%2Fproduct_tag&post=26956"}],"curies":[{"name":"wp","href":"https:\/\/api.w.org\/{rel}","templated":true}]}}