{"id":26363,"date":"2021-04-04T19:12:35","date_gmt":"2021-04-04T17:12:35","guid":{"rendered":"https:\/\/moveupfashion.cz\/?post_type=product&#038;p=26363"},"modified":"2021-05-15T12:39:53","modified_gmt":"2021-05-15T10:39:53","slug":"damska-kosile-bila-6","status":"publish","type":"product","link":"https:\/\/moveupfashion.cz\/?product=damska-kosile-bila-6","title":{"rendered":"D\u00c1MSK\u00c1 KO\u0160ILE, B\u00cdL\u00c1"},"content":{"rendered":"","protected":false},"excerpt":{"rendered":"<p>Velikost: UNI<\/p>\n<p>Sed\u00ed na velikost: S, M, L<\/p>\n<p>Materi\u00e1l: Cottone-20%, Lino-20%<\/p>\n","protected":false},"featured_media":26364,"comment_status":"open","ping_status":"closed","template":"","meta":[],"product_cat":[15,218],"product_tag":[],"_links":{"self":[{"href":"https:\/\/moveupfashion.cz\/index.php?rest_route=\/wp\/v2\/product\/26363"}],"collection":[{"href":"https:\/\/moveupfashion.cz\/index.php?rest_route=\/wp\/v2\/product"}],"about":[{"href":"https:\/\/moveupfashion.cz\/index.php?rest_route=\/wp\/v2\/types\/product"}],"replies":[{"embeddable":true,"href":"https:\/\/moveupfashion.cz\/index.php?rest_route=%2Fwp%2Fv2%2Fcomments&post=26363"}],"wp:featuredmedia":[{"embeddable":true,"href":"https:\/\/moveupfashion.cz\/index.php?rest_route=\/wp\/v2\/media\/26364"}],"wp:attachment":[{"href":"https:\/\/moveupfashion.cz\/index.php?rest_route=%2Fwp%2Fv2%2Fmedia&parent=26363"}],"wp:term":[{"taxonomy":"product_cat","embeddable":true,"href":"https:\/\/moveupfashion.cz\/index.php?rest_route=%2Fwp%2Fv2%2Fproduct_cat&post=26363"},{"taxonomy":"product_tag","embeddable":true,"href":"https:\/\/moveupfashion.cz\/index.php?rest_route=%2Fwp%2Fv2%2Fproduct_tag&post=26363"}],"curies":[{"name":"wp","href":"https:\/\/api.w.org\/{rel}","templated":true}]}}