{"id":26291,"date":"2021-04-04T17:52:04","date_gmt":"2021-04-04T15:52:04","guid":{"rendered":"https:\/\/moveupfashion.cz\/?post_type=product&#038;p=26291"},"modified":"2021-05-15T12:39:56","modified_gmt":"2021-05-15T10:39:56","slug":"damska-lnena-tunika-bila","status":"publish","type":"product","link":"https:\/\/moveupfashion.cz\/?product=damska-lnena-tunika-bila","title":{"rendered":"D\u00c1MSK\u00c1 LN\u011aN\u00c1 TUNIKA\/B\u00cdL\u00c1"},"content":{"rendered":"","protected":false},"excerpt":{"rendered":"<p>Velikost: UNI<\/p>\n<p>Sed\u00ed na velikost: M, L<\/p>\n<p>Materi\u00e1l: 100% len<\/p>\n","protected":false},"featured_media":26273,"comment_status":"open","ping_status":"closed","template":"","meta":[],"product_cat":[15,226],"product_tag":[],"_links":{"self":[{"href":"https:\/\/moveupfashion.cz\/index.php?rest_route=\/wp\/v2\/product\/26291"}],"collection":[{"href":"https:\/\/moveupfashion.cz\/index.php?rest_route=\/wp\/v2\/product"}],"about":[{"href":"https:\/\/moveupfashion.cz\/index.php?rest_route=\/wp\/v2\/types\/product"}],"replies":[{"embeddable":true,"href":"https:\/\/moveupfashion.cz\/index.php?rest_route=%2Fwp%2Fv2%2Fcomments&post=26291"}],"wp:featuredmedia":[{"embeddable":true,"href":"https:\/\/moveupfashion.cz\/index.php?rest_route=\/wp\/v2\/media\/26273"}],"wp:attachment":[{"href":"https:\/\/moveupfashion.cz\/index.php?rest_route=%2Fwp%2Fv2%2Fmedia&parent=26291"}],"wp:term":[{"taxonomy":"product_cat","embeddable":true,"href":"https:\/\/moveupfashion.cz\/index.php?rest_route=%2Fwp%2Fv2%2Fproduct_cat&post=26291"},{"taxonomy":"product_tag","embeddable":true,"href":"https:\/\/moveupfashion.cz\/index.php?rest_route=%2Fwp%2Fv2%2Fproduct_tag&post=26291"}],"curies":[{"name":"wp","href":"https:\/\/api.w.org\/{rel}","templated":true}]}}