{"id":26254,"date":"2024-10-08T17:18:55","date_gmt":"2024-10-08T15:18:55","guid":{"rendered":"https:\/\/moveupfashion.cz\/?post_type=product&#038;p=26254"},"modified":"2024-10-09T11:39:41","modified_gmt":"2024-10-09T09:39:41","slug":"damska-kozesinova-vesta-polarni-liska-barvena","status":"publish","type":"product","link":"https:\/\/moveupfashion.cz\/?product=damska-kozesinova-vesta-polarni-liska-barvena","title":{"rendered":"D\u00c1MSK\u00c1 KO\u017dE\u0160INOV\u00c1 VESTA\/POL\u00c1RN\u00cd LI\u0160KA BARVEN\u00c1"},"content":{"rendered":"<p>Ka\u017ed\u00e1 vesta je origin\u00e1ln\u00ed. Pouze chemick\u00e9 \u010di\u0161t\u011bn\u00ed.<\/p>\n<div class=\"letter letter_priority_3 letter_unread_false letter_attach_true letter_single letter_first letter_last letter_fluid letter_sticky letter_native-sticky letter_hover-support letter_expanded-next letter_light-mode\">\n<div class=\"letter__body\">\n<div class=\"letter-body\">\n<div class=\"letter-body__body\">\n<div class=\"letter-body__body-wrapper\">\n<div class=\"letter-body__body-content\" tabindex=\"-1\">\n<div class=\"html-parser\">\n<div class=\"html-fishing\">\n<div class=\"html-expander\">\n<div class=\"js-helper js-readmsg-msg\">\n<div id=\"style_16098727830812152832_BODY\">\n<div class=\"cl_920159\">\n<div id=\"short_description_content_mr_css_attr\" class=\"align_justify_mr_css_attr rte_mr_css_attr\">\n<div class=\"tab-content_mr_css_attr tab_product_content_mr_css_attr\">\n<div id=\"producttab-description_mr_css_attr\" class=\"active_mr_css_attr fade_mr_css_attr in_mr_css_attr page-product-box_mr_css_attr tab-pane_mr_css_attr\">\n<div class=\"rte_mr_css_attr\">\n<p>Barevn\u00fd odst\u00edn se ve skute\u010dnosti m\u016f\u017ee m\u00edrn\u011b li\u0161it od fotografie.<\/p>\n<p>Kr\u00e1sn\u00e1, hebk\u00e1 a h\u0159ejiv\u00e1 vesta &#8211; origin\u00e1ln\u00ed dopln\u011bk k jak\u00e9mukoliv oble\u010den\u00ed.<\/p>\n<p>Dle objedn\u00e1vky d\u00e1 se ud\u011blat vestu z r\u016fzn\u00e9 ko\u017ei\u0161iny (st\u0159\u00edbrn\u00e1 li\u0161ka p\u0159\u00edrodn\u00ed barvy, st\u0159\u00edbrn\u00e1 li\u0161ka obarven\u00e1, myval, \u010derven\u00e1 li\u0161ka, pol\u00e1rn\u00ed li\u0161ka obarven\u00e1).<\/p>\n<p>Velikost: UNI<\/p>\n<p>Sed\u00ed na velikost: M, L<\/p>\n<p>100% nez\u00e1vadn\u00e1 a kvalitn\u00ed ko\u017ee\u0161ina<br \/>\n100% ru\u010dn\u00ed pr\u00e1ce<\/p>\n<p>Tabulka velikost\u00ed<\/p>\n<table>\n<tbody>\n<tr>\n<td>Velikost<\/td>\n<td>Obvod prsa<\/td>\n<td>Obvod boky<\/td>\n<\/tr>\n<tr>\n<td>\n<p style=\"text-align: center;\">S<\/p>\n<\/td>\n<td style=\"text-align: center;\">92<\/td>\n<td style=\"text-align: center;\">96<\/td>\n<\/tr>\n<tr>\n<td>\n<p style=\"text-align: center;\">M<\/p>\n<\/td>\n<td style=\"text-align: center;\">96<\/td>\n<td>\n<p style=\"text-align: center;\">100<\/p>\n<\/td>\n<\/tr>\n<tr>\n<td>\n<p style=\"text-align: center;\">L<\/p>\n<\/td>\n<td style=\"text-align: center;\">\n<p style=\"text-align: center;\">100<\/p>\n<\/td>\n<td>\n<p style=\"text-align: center;\">104<\/p>\n<\/td>\n<\/tr>\n<tr>\n<td>\n<p style=\"text-align: center;\">XL<\/p>\n<\/td>\n<td style=\"text-align: center;\">105<\/td>\n<td>\n<p style=\"text-align: center;\">108<\/p>\n<\/td>\n<\/tr>\n<tr>\n<td style=\"text-align: center;\">XXL<\/td>\n<td style=\"text-align: center;\">110<\/td>\n<td>\n<p style=\"text-align: center;\">114<\/p>\n<\/td>\n<\/tr>\n<\/tbody>\n<\/table>\n<p>Ko\u017ee\u0161inu skladovat v prody\u0161n\u00e9m l\u00e1tkov\u00e9m obalu nebo v pap\u00edrov\u00e9 krabici.<\/p>\n<p>Ko\u017ee\u0161inov\u00e9 v\u00fdrobky se nesm\u011bj\u00ed pr\u00e1t.<\/p>\n<p>BUDE V\u00c1M ZASL\u00c1NA KONKR\u00c9TN\u00cd VESTA Z FOTOGRAFIE!<\/p>\n<p>&nbsp;<\/p>\n<p>V p\u0159\u00edpad\u011b, \u017ee V\u00e1m byla ko\u017ee\u0161ina zasl\u00e1na z\u00e1silkovou slu\u017ebou, m\u016f\u017ee b\u00fdt trochu poma\u010dkan\u00e1. Proto tento v\u00fdrobek opatrn\u011b vyjm\u011bte z obalu, prot\u0159epte a rozlo\u017een\u00fd v\u00fdrobek nechte 24 hod. narovnat. To plat\u00ed zejm\u00e9na pro ko\u017ee\u0161iny s dlouh\u00fdm vlasem (m\u00fdvalovec, li\u0161ka).<\/p>\n<\/div>\n<\/div>\n<\/div>\n<\/div>\n<\/div>\n<\/div>\n<\/div>\n<\/div>\n<\/div>\n<\/div>\n<\/div>\n<\/div>\n<\/div>\n<\/div>\n<\/div>\n<\/div>\n","protected":false},"excerpt":{"rendered":"<p>Velikost: UNI<\/p>\n<p>Sed\u00ed na velikost: M, L<\/p>\n<p>Luxusn\u00ed d\u00e1msk\u00e1 ko\u017ee\u0161inov\u00e1 vesta z li\u0161ky od \u010desk\u00e9ho v\u00fdrobce. Je vyroben\u00e1 z velice kvalitn\u00ed pr\u00e1v\u00e9 ko\u017ee\u0161iny. Zap\u00edn\u00e1n\u00ed na karabiny. M\u016f\u017eete m\u011bnit velikost pomoc\u00ed specialn\u00edch pasek.<\/p>\n","protected":false},"featured_media":26255,"comment_status":"open","ping_status":"closed","template":"","meta":[],"product_cat":[68,74],"product_tag":[],"_links":{"self":[{"href":"https:\/\/moveupfashion.cz\/index.php?rest_route=\/wp\/v2\/product\/26254"}],"collection":[{"href":"https:\/\/moveupfashion.cz\/index.php?rest_route=\/wp\/v2\/product"}],"about":[{"href":"https:\/\/moveupfashion.cz\/index.php?rest_route=\/wp\/v2\/types\/product"}],"replies":[{"embeddable":true,"href":"https:\/\/moveupfashion.cz\/index.php?rest_route=%2Fwp%2Fv2%2Fcomments&post=26254"}],"wp:featuredmedia":[{"embeddable":true,"href":"https:\/\/moveupfashion.cz\/index.php?rest_route=\/wp\/v2\/media\/26255"}],"wp:attachment":[{"href":"https:\/\/moveupfashion.cz\/index.php?rest_route=%2Fwp%2Fv2%2Fmedia&parent=26254"}],"wp:term":[{"taxonomy":"product_cat","embeddable":true,"href":"https:\/\/moveupfashion.cz\/index.php?rest_route=%2Fwp%2Fv2%2Fproduct_cat&post=26254"},{"taxonomy":"product_tag","embeddable":true,"href":"https:\/\/moveupfashion.cz\/index.php?rest_route=%2Fwp%2Fv2%2Fproduct_tag&post=26254"}],"curies":[{"name":"wp","href":"https:\/\/api.w.org\/{rel}","templated":true}]}}