{"id":23980,"date":"2021-03-02T14:30:29","date_gmt":"2021-03-02T13:30:29","guid":{"rendered":"https:\/\/moveupfashion.cz\/?post_type=product&#038;p=23980"},"modified":"2021-05-15T12:40:25","modified_gmt":"2021-05-15T10:40:25","slug":"damska-kozenkova-kabelka-hneda-11","status":"publish","type":"product","link":"https:\/\/moveupfashion.cz\/?product=damska-kozenkova-kabelka-hneda-11","title":{"rendered":"D\u00c1MSK\u00c1 KO\u017dENKOV\u00c1 KABELKA, HN\u011aD\u00c1"},"content":{"rendered":"","protected":false},"excerpt":{"rendered":"<div>\n<div>\n<div>\n<p><span style=\"color: #ff0000;\"><strong>NOVA KOLEKCE<\/strong><\/span><\/p>\n<p>M\u00f3dn\u00ed a origin\u00e1ln\u00ed st\u0159\u00edh.<\/p>\n<\/div>\n<div>Ide\u00e1ln\u00ed pro ka\u017edou p\u0159\u00edle\u017eitost.<\/div>\n<\/div>\n<div>Modern\u00ed d\u00e1msk\u00e1 kabelka hezk\u00e9 dopln\u00ed V\u00e1\u0161 outfit<\/div>\n<\/div>\n<div>Materi\u00e1l: PU<\/div>\n<div><\/div>\n<p>Rozm\u011bry\u00a0 17*17*8,5cm<\/p>\n","protected":false},"featured_media":23972,"comment_status":"open","ping_status":"closed","template":"","meta":[],"product_cat":[66,213,214,70],"product_tag":[],"_links":{"self":[{"href":"https:\/\/moveupfashion.cz\/index.php?rest_route=\/wp\/v2\/product\/23980"}],"collection":[{"href":"https:\/\/moveupfashion.cz\/index.php?rest_route=\/wp\/v2\/product"}],"about":[{"href":"https:\/\/moveupfashion.cz\/index.php?rest_route=\/wp\/v2\/types\/product"}],"replies":[{"embeddable":true,"href":"https:\/\/moveupfashion.cz\/index.php?rest_route=%2Fwp%2Fv2%2Fcomments&post=23980"}],"wp:featuredmedia":[{"embeddable":true,"href":"https:\/\/moveupfashion.cz\/index.php?rest_route=\/wp\/v2\/media\/23972"}],"wp:attachment":[{"href":"https:\/\/moveupfashion.cz\/index.php?rest_route=%2Fwp%2Fv2%2Fmedia&parent=23980"}],"wp:term":[{"taxonomy":"product_cat","embeddable":true,"href":"https:\/\/moveupfashion.cz\/index.php?rest_route=%2Fwp%2Fv2%2Fproduct_cat&post=23980"},{"taxonomy":"product_tag","embeddable":true,"href":"https:\/\/moveupfashion.cz\/index.php?rest_route=%2Fwp%2Fv2%2Fproduct_tag&post=23980"}],"curies":[{"name":"wp","href":"https:\/\/api.w.org\/{rel}","templated":true}]}}