{"id":22750,"date":"2021-02-26T12:48:39","date_gmt":"2021-02-26T11:48:39","guid":{"rendered":"https:\/\/moveupfashion.cz\/?post_type=product&#038;p=22750"},"modified":"2021-05-15T12:41:05","modified_gmt":"2021-05-15T10:41:05","slug":"damska-kozenkova-kabelka-cerna-9","status":"publish","type":"product","link":"https:\/\/moveupfashion.cz\/?product=damska-kozenkova-kabelka-cerna-9","title":{"rendered":"D\u00c1MSK\u00c1 KO\u017dENKOV\u00c1 KABELKA (\u010cERN\u00c1)"},"content":{"rendered":"<div>\n<div><\/div>\n<\/div>\n<div>Rozm\u011bry: 18 \u00d7 11 \u00d7 4,5 cm<\/div>\n<div>\n<div><\/div>\n<\/div>\n","protected":false},"excerpt":{"rendered":"<p>Elegantn\u00ed d\u00e1msk\u00e1 kabelka z ko\u017eenky\u00a0p\u0159es rameno nebo do ruky.<\/p>\n","protected":false},"featured_media":22743,"comment_status":"open","ping_status":"closed","template":"","meta":[],"product_cat":[66,213,214,70],"product_tag":[],"_links":{"self":[{"href":"https:\/\/moveupfashion.cz\/index.php?rest_route=\/wp\/v2\/product\/22750"}],"collection":[{"href":"https:\/\/moveupfashion.cz\/index.php?rest_route=\/wp\/v2\/product"}],"about":[{"href":"https:\/\/moveupfashion.cz\/index.php?rest_route=\/wp\/v2\/types\/product"}],"replies":[{"embeddable":true,"href":"https:\/\/moveupfashion.cz\/index.php?rest_route=%2Fwp%2Fv2%2Fcomments&post=22750"}],"wp:featuredmedia":[{"embeddable":true,"href":"https:\/\/moveupfashion.cz\/index.php?rest_route=\/wp\/v2\/media\/22743"}],"wp:attachment":[{"href":"https:\/\/moveupfashion.cz\/index.php?rest_route=%2Fwp%2Fv2%2Fmedia&parent=22750"}],"wp:term":[{"taxonomy":"product_cat","embeddable":true,"href":"https:\/\/moveupfashion.cz\/index.php?rest_route=%2Fwp%2Fv2%2Fproduct_cat&post=22750"},{"taxonomy":"product_tag","embeddable":true,"href":"https:\/\/moveupfashion.cz\/index.php?rest_route=%2Fwp%2Fv2%2Fproduct_tag&post=22750"}],"curies":[{"name":"wp","href":"https:\/\/api.w.org\/{rel}","templated":true}]}}