{"id":22732,"date":"2021-02-26T12:04:31","date_gmt":"2021-02-26T11:04:31","guid":{"rendered":"https:\/\/moveupfashion.cz\/?post_type=product&#038;p=22732"},"modified":"2021-05-15T12:41:06","modified_gmt":"2021-05-15T10:41:06","slug":"damska-tunika-cerna-9","status":"publish","type":"product","link":"https:\/\/moveupfashion.cz\/?product=damska-tunika-cerna-9","title":{"rendered":"D\u00c1MSK\u00c1 TUNIKA, \u010cERN\u00c1"},"content":{"rendered":"","protected":false},"excerpt":{"rendered":"<div id=\"short_description_block\">\n<div id=\"short_description_content\" class=\"rte align_justify\">\n<div id=\"short_description_block\">\n<div id=\"short_description_content\" class=\"rte align_justify\">\n<p>Materi\u00e1l: 100% cotton<br \/>\nVelikost Univerz\u00e1ln\u00ed<br \/>\nSed\u00ed na velikost: S, M, L, XL<\/p>\n<\/div>\n<\/div>\n<\/div>\n<\/div>\n","protected":false},"featured_media":22721,"comment_status":"open","ping_status":"closed","template":"","meta":[],"product_cat":[15,226],"product_tag":[],"_links":{"self":[{"href":"https:\/\/moveupfashion.cz\/index.php?rest_route=\/wp\/v2\/product\/22732"}],"collection":[{"href":"https:\/\/moveupfashion.cz\/index.php?rest_route=\/wp\/v2\/product"}],"about":[{"href":"https:\/\/moveupfashion.cz\/index.php?rest_route=\/wp\/v2\/types\/product"}],"replies":[{"embeddable":true,"href":"https:\/\/moveupfashion.cz\/index.php?rest_route=%2Fwp%2Fv2%2Fcomments&post=22732"}],"wp:featuredmedia":[{"embeddable":true,"href":"https:\/\/moveupfashion.cz\/index.php?rest_route=\/wp\/v2\/media\/22721"}],"wp:attachment":[{"href":"https:\/\/moveupfashion.cz\/index.php?rest_route=%2Fwp%2Fv2%2Fmedia&parent=22732"}],"wp:term":[{"taxonomy":"product_cat","embeddable":true,"href":"https:\/\/moveupfashion.cz\/index.php?rest_route=%2Fwp%2Fv2%2Fproduct_cat&post=22732"},{"taxonomy":"product_tag","embeddable":true,"href":"https:\/\/moveupfashion.cz\/index.php?rest_route=%2Fwp%2Fv2%2Fproduct_tag&post=22732"}],"curies":[{"name":"wp","href":"https:\/\/api.w.org\/{rel}","templated":true}]}}