{"id":22565,"date":"2021-02-26T10:35:41","date_gmt":"2021-02-26T09:35:41","guid":{"rendered":"https:\/\/moveupfashion.cz\/?post_type=product&#038;p=22565"},"modified":"2021-05-15T12:41:12","modified_gmt":"2021-05-15T10:41:12","slug":"damska-tunika-s-kratkym-rukavem-cerna","status":"publish","type":"product","link":"https:\/\/moveupfashion.cz\/?product=damska-tunika-s-kratkym-rukavem-cerna","title":{"rendered":"D\u00c1MSK\u00c1 TUNIKA S KR\u00c1TK\u00ddM RUK\u00c1VEM, \u010cERN\u00c1"},"content":{"rendered":"","protected":false},"excerpt":{"rendered":"<div id=\"short_description_block\">\n<div id=\"short_description_content\" class=\"rte align_justify\">\n<div id=\"short_description_block\">\n<div id=\"short_description_content\" class=\"rte align_justify\">\n<p>Materi\u00e1l: 95% cotton, 5% elastan<br \/>\nVelikost Univerz\u00e1ln\u00ed<br \/>\nSed\u00ed na velikost: M, L, XL, XXL<\/p>\n<p>&nbsp;<\/p>\n<\/div>\n<\/div>\n<form id=\"buy_block\" action=\"https:\/\/moveup-fashion.cz\/cs\/kosik\" method=\"post\">\n<div class=\"box-info-product\">\n<div class=\"product_attributes clearfix\">\n<div id=\"attributes\">\n<div class=\"clearfix\"><\/div>\n<fieldset class=\"attribute_fieldset\"><\/fieldset>\n<\/div>\n<\/div>\n<\/div>\n<\/form>\n<\/div>\n<\/div>\n","protected":false},"featured_media":22574,"comment_status":"open","ping_status":"closed","template":"","meta":[],"product_cat":[15,226],"product_tag":[],"_links":{"self":[{"href":"https:\/\/moveupfashion.cz\/index.php?rest_route=\/wp\/v2\/product\/22565"}],"collection":[{"href":"https:\/\/moveupfashion.cz\/index.php?rest_route=\/wp\/v2\/product"}],"about":[{"href":"https:\/\/moveupfashion.cz\/index.php?rest_route=\/wp\/v2\/types\/product"}],"replies":[{"embeddable":true,"href":"https:\/\/moveupfashion.cz\/index.php?rest_route=%2Fwp%2Fv2%2Fcomments&post=22565"}],"wp:featuredmedia":[{"embeddable":true,"href":"https:\/\/moveupfashion.cz\/index.php?rest_route=\/wp\/v2\/media\/22574"}],"wp:attachment":[{"href":"https:\/\/moveupfashion.cz\/index.php?rest_route=%2Fwp%2Fv2%2Fmedia&parent=22565"}],"wp:term":[{"taxonomy":"product_cat","embeddable":true,"href":"https:\/\/moveupfashion.cz\/index.php?rest_route=%2Fwp%2Fv2%2Fproduct_cat&post=22565"},{"taxonomy":"product_tag","embeddable":true,"href":"https:\/\/moveupfashion.cz\/index.php?rest_route=%2Fwp%2Fv2%2Fproduct_tag&post=22565"}],"curies":[{"name":"wp","href":"https:\/\/api.w.org\/{rel}","templated":true}]}}