{"id":22462,"date":"2021-02-25T17:44:52","date_gmt":"2021-02-25T16:44:52","guid":{"rendered":"https:\/\/moveupfashion.cz\/?post_type=product&#038;p=22462"},"modified":"2021-05-15T12:41:15","modified_gmt":"2021-05-15T10:41:15","slug":"damska-modni-kozena-kabelka-bezova-4","status":"publish","type":"product","link":"https:\/\/moveupfashion.cz\/?product=damska-modni-kozena-kabelka-bezova-4","title":{"rendered":"D\u00c1MSK\u00c1 MODN\u00cd KO\u017dEN\u00c1 KABELKA (B\u00c9\u017dOV\u00c1)"},"content":{"rendered":"","protected":false},"excerpt":{"rendered":"<p>Elegantn\u00ed d\u00e1msk\u00e1 kabelka z pr\u00e1v\u00e9 hl\u00e1dk\u00e9 k\u016f\u017ee do ruky.<br \/>\nTa\u0161ka m\u00e1 pen\u011b\u017eenku kter\u00e1 je vyrobena z kvalitn\u00ed k\u016f\u017ee<\/p>\n<div>\n<div>\n<div>M\u00f3dn\u00ed a origin\u00e1ln\u00ed st\u0159\u00edh.<\/div>\n<div>Ide\u00e1ln\u00ed pro ka\u017edou p\u0159\u00edle\u017eitost.<\/div>\n<\/div>\n<div>Modern\u00ed d\u00e1msk\u00e1 kabelka hezk\u00e9 dopln\u00ed V\u00e1\u0161 outfit<\/div>\n<\/div>\n<div><\/div>\n<div>\n<div>Materi\u00e1l: k\u016f\u017ee<\/div>\n<div>Rozm\u011bry: 46x40x1 cm<\/div>\n<\/div>\n","protected":false},"featured_media":22463,"comment_status":"open","ping_status":"closed","template":"","meta":[],"product_cat":[66,209,210,70],"product_tag":[],"_links":{"self":[{"href":"https:\/\/moveupfashion.cz\/index.php?rest_route=\/wp\/v2\/product\/22462"}],"collection":[{"href":"https:\/\/moveupfashion.cz\/index.php?rest_route=\/wp\/v2\/product"}],"about":[{"href":"https:\/\/moveupfashion.cz\/index.php?rest_route=\/wp\/v2\/types\/product"}],"replies":[{"embeddable":true,"href":"https:\/\/moveupfashion.cz\/index.php?rest_route=%2Fwp%2Fv2%2Fcomments&post=22462"}],"wp:featuredmedia":[{"embeddable":true,"href":"https:\/\/moveupfashion.cz\/index.php?rest_route=\/wp\/v2\/media\/22463"}],"wp:attachment":[{"href":"https:\/\/moveupfashion.cz\/index.php?rest_route=%2Fwp%2Fv2%2Fmedia&parent=22462"}],"wp:term":[{"taxonomy":"product_cat","embeddable":true,"href":"https:\/\/moveupfashion.cz\/index.php?rest_route=%2Fwp%2Fv2%2Fproduct_cat&post=22462"},{"taxonomy":"product_tag","embeddable":true,"href":"https:\/\/moveupfashion.cz\/index.php?rest_route=%2Fwp%2Fv2%2Fproduct_tag&post=22462"}],"curies":[{"name":"wp","href":"https:\/\/api.w.org\/{rel}","templated":true}]}}