{"id":22177,"date":"2021-02-25T15:17:15","date_gmt":"2021-02-25T14:17:15","guid":{"rendered":"https:\/\/moveupfashion.cz\/?post_type=product&#038;p=22177"},"modified":"2021-10-17T17:41:30","modified_gmt":"2021-10-17T15:41:30","slug":"bavlnene-modni-sako-hnede-3","status":"publish","type":"product","link":"https:\/\/moveupfashion.cz\/?product=bavlnene-modni-sako-hnede-3","title":{"rendered":"BAVLN\u011aN\u00c9 M\u00d3DN\u00cd SAKO, HN\u011aD\u00c9"},"content":{"rendered":"","protected":false},"excerpt":{"rendered":"<p>Zap\u00edn\u00e1n\u00ed na knofl\u00ed\u010dky.<\/p>\n<p>Slo\u017een\u00ed : 95% cotton, 5% elastan<\/p>\n<p>Velikosti: M, L<\/p>\n<p>&nbsp;<\/p>\n","protected":false},"featured_media":22183,"comment_status":"open","ping_status":"closed","template":"","meta":[],"product_cat":[15,207],"product_tag":[],"_links":{"self":[{"href":"https:\/\/moveupfashion.cz\/index.php?rest_route=\/wp\/v2\/product\/22177"}],"collection":[{"href":"https:\/\/moveupfashion.cz\/index.php?rest_route=\/wp\/v2\/product"}],"about":[{"href":"https:\/\/moveupfashion.cz\/index.php?rest_route=\/wp\/v2\/types\/product"}],"replies":[{"embeddable":true,"href":"https:\/\/moveupfashion.cz\/index.php?rest_route=%2Fwp%2Fv2%2Fcomments&post=22177"}],"wp:featuredmedia":[{"embeddable":true,"href":"https:\/\/moveupfashion.cz\/index.php?rest_route=\/wp\/v2\/media\/22183"}],"wp:attachment":[{"href":"https:\/\/moveupfashion.cz\/index.php?rest_route=%2Fwp%2Fv2%2Fmedia&parent=22177"}],"wp:term":[{"taxonomy":"product_cat","embeddable":true,"href":"https:\/\/moveupfashion.cz\/index.php?rest_route=%2Fwp%2Fv2%2Fproduct_cat&post=22177"},{"taxonomy":"product_tag","embeddable":true,"href":"https:\/\/moveupfashion.cz\/index.php?rest_route=%2Fwp%2Fv2%2Fproduct_tag&post=22177"}],"curies":[{"name":"wp","href":"https:\/\/api.w.org\/{rel}","templated":true}]}}