{"id":22146,"date":"2021-02-25T14:57:27","date_gmt":"2021-02-25T13:57:27","guid":{"rendered":"https:\/\/moveupfashion.cz\/?post_type=product&#038;p=22146"},"modified":"2021-05-15T12:41:23","modified_gmt":"2021-05-15T10:41:23","slug":"damska-kosile-modra-2","status":"publish","type":"product","link":"https:\/\/moveupfashion.cz\/?product=damska-kosile-modra-2","title":{"rendered":"D\u00c1MSK\u00c1 KO\u0160ILE, MODR\u00c1"},"content":{"rendered":"<p>Zap\u00edn\u00e1n\u00ed na knofl\u00ed\u010dky.<\/p>\n<p>Materi\u00e1l: lyocell 100%<\/p>\n<p>Velikost UNI (S, M, L, XL).<\/p>\n","protected":false},"excerpt":{"rendered":"<p>Velikost UNI \u2013 L, XL. XXL<\/p>\n","protected":false},"featured_media":22142,"comment_status":"open","ping_status":"closed","template":"","meta":[],"product_cat":[15,218],"product_tag":[],"_links":{"self":[{"href":"https:\/\/moveupfashion.cz\/index.php?rest_route=\/wp\/v2\/product\/22146"}],"collection":[{"href":"https:\/\/moveupfashion.cz\/index.php?rest_route=\/wp\/v2\/product"}],"about":[{"href":"https:\/\/moveupfashion.cz\/index.php?rest_route=\/wp\/v2\/types\/product"}],"replies":[{"embeddable":true,"href":"https:\/\/moveupfashion.cz\/index.php?rest_route=%2Fwp%2Fv2%2Fcomments&post=22146"}],"wp:featuredmedia":[{"embeddable":true,"href":"https:\/\/moveupfashion.cz\/index.php?rest_route=\/wp\/v2\/media\/22142"}],"wp:attachment":[{"href":"https:\/\/moveupfashion.cz\/index.php?rest_route=%2Fwp%2Fv2%2Fmedia&parent=22146"}],"wp:term":[{"taxonomy":"product_cat","embeddable":true,"href":"https:\/\/moveupfashion.cz\/index.php?rest_route=%2Fwp%2Fv2%2Fproduct_cat&post=22146"},{"taxonomy":"product_tag","embeddable":true,"href":"https:\/\/moveupfashion.cz\/index.php?rest_route=%2Fwp%2Fv2%2Fproduct_tag&post=22146"}],"curies":[{"name":"wp","href":"https:\/\/api.w.org\/{rel}","templated":true}]}}