{"id":21802,"date":"2021-02-24T15:09:48","date_gmt":"2021-02-24T14:09:48","guid":{"rendered":"https:\/\/moveupfashion.cz\/?post_type=product&#038;p=21802"},"modified":"2021-05-15T12:41:33","modified_gmt":"2021-05-15T10:41:33","slug":"damsky-jarni-kardigan-sedy","status":"publish","type":"product","link":"https:\/\/moveupfashion.cz\/?product=damsky-jarni-kardigan-sedy","title":{"rendered":"D\u00c1MSK\u00dd JARN\u00cd KARDIGAN, \u0160ED\u00dd"},"content":{"rendered":"<p>Materi\u00e1l: AKRYL 25%, POLYESTER 75%,<\/p>\n<p>&nbsp;<\/p>\n<p>&nbsp;<\/p>\n<p>&nbsp;<\/p>\n","protected":false},"excerpt":{"rendered":"<p>D\u00e1msk\u00fd le\u017e\u00e9rn\u00ed kardigan.<\/p>\n<p>To co nikdy nevyjde z m\u00f3dy \u2013 d\u00e1msk\u00e9 kardigany.<\/p>\n<h4><span style=\"color: #ff0000;\"><strong>Porovnejte Va\u0161e m\u00edry s tabulkou a zkontrolujte<\/strong><\/span><\/h4>\n<table style=\"height: 208px;\" width=\"715\">\n<tbody>\n<tr>\n<td width=\"176\">\n<p style=\"text-align: center;\"><strong>LIKOST<\/strong><\/p>\n<\/td>\n<td style=\"text-align: center;\" width=\"176\"><strong>Obvod p\u0159es prsa<\/strong><\/td>\n<td style=\"text-align: center;\" width=\"176\"><strong>D\u00e9lka ruk\u00e1vu<\/strong><\/td>\n<td style=\"text-align: center;\" width=\"176\"><strong>D\u00e9lka<\/strong><\/td>\n<\/tr>\n<tr>\n<td style=\"text-align: center;\" width=\"176\">S\/M<\/td>\n<td style=\"text-align: center;\" width=\"176\">118<\/td>\n<td style=\"text-align: center;\" width=\"176\">82<\/td>\n<td style=\"text-align: center;\" width=\"176\">92<\/td>\n<\/tr>\n<tr>\n<td style=\"text-align: center;\" width=\"176\">L \/XL<\/td>\n<td style=\"text-align: center;\" width=\"176\">120<\/td>\n<td style=\"text-align: center;\" width=\"176\">82<\/td>\n<td style=\"text-align: center;\" width=\"176\">92<\/td>\n<\/tr>\n<tr>\n<td style=\"text-align: center;\" width=\"176\"><\/td>\n<td style=\"text-align: center;\" width=\"176\"><\/td>\n<td style=\"text-align: center;\" width=\"176\"><\/td>\n<td style=\"text-align: center;\" width=\"176\"><\/td>\n<\/tr>\n<tr>\n<td style=\"text-align: center;\" width=\"176\"><\/td>\n<td style=\"text-align: center;\" width=\"176\"><\/td>\n<td style=\"text-align: center;\" width=\"176\"><\/td>\n<td style=\"text-align: center;\" width=\"176\"><\/td>\n<\/tr>\n<tr>\n<td style=\"text-align: center;\" width=\"176\"><\/td>\n<td style=\"text-align: center;\" width=\"176\"><\/td>\n<td style=\"text-align: center;\" width=\"176\"><\/td>\n<td style=\"text-align: center;\" width=\"176\"><\/td>\n<\/tr>\n<\/tbody>\n<\/table>\n","protected":false},"featured_media":21805,"comment_status":"open","ping_status":"closed","template":"","meta":[],"product_cat":[15,231],"product_tag":[],"_links":{"self":[{"href":"https:\/\/moveupfashion.cz\/index.php?rest_route=\/wp\/v2\/product\/21802"}],"collection":[{"href":"https:\/\/moveupfashion.cz\/index.php?rest_route=\/wp\/v2\/product"}],"about":[{"href":"https:\/\/moveupfashion.cz\/index.php?rest_route=\/wp\/v2\/types\/product"}],"replies":[{"embeddable":true,"href":"https:\/\/moveupfashion.cz\/index.php?rest_route=%2Fwp%2Fv2%2Fcomments&post=21802"}],"wp:featuredmedia":[{"embeddable":true,"href":"https:\/\/moveupfashion.cz\/index.php?rest_route=\/wp\/v2\/media\/21805"}],"wp:attachment":[{"href":"https:\/\/moveupfashion.cz\/index.php?rest_route=%2Fwp%2Fv2%2Fmedia&parent=21802"}],"wp:term":[{"taxonomy":"product_cat","embeddable":true,"href":"https:\/\/moveupfashion.cz\/index.php?rest_route=%2Fwp%2Fv2%2Fproduct_cat&post=21802"},{"taxonomy":"product_tag","embeddable":true,"href":"https:\/\/moveupfashion.cz\/index.php?rest_route=%2Fwp%2Fv2%2Fproduct_tag&post=21802"}],"curies":[{"name":"wp","href":"https:\/\/api.w.org\/{rel}","templated":true}]}}