{"id":21683,"date":"2021-02-24T11:04:26","date_gmt":"2021-02-24T10:04:26","guid":{"rendered":"https:\/\/moveupfashion.cz\/?post_type=product&#038;p=21683"},"modified":"2021-05-15T12:41:35","modified_gmt":"2021-05-15T10:41:35","slug":"damska-jarni-bunda-letni-bunda-cerna-3","status":"publish","type":"product","link":"https:\/\/moveupfashion.cz\/?product=damska-jarni-bunda-letni-bunda-cerna-3","title":{"rendered":"D\u00c1MSK\u00c1 JARN\u00cd BUNDA, LETN\u00cd BUNDA, \u010cERN\u00c1"},"content":{"rendered":"<p>Lehk\u00e1 bunda, kterou m\u016f\u017eete nosit na ja\u0159e i\u00a0v\u00a0l\u00e9t\u011b.<\/p>\n<p>Slo\u017een\u00ed : 62% Bavlna, 38% polyamid<\/p>\n","protected":false},"excerpt":{"rendered":"<h4><span style=\"color: #ff0000;\"><strong>Porovnejte Va\u0161e m\u00edry s tabulkou a zkontrolujte!<\/strong><\/span><\/h4>\n<table width=\"424\">\n<tbody>\n<tr>\n<td style=\"text-align: center;\" width=\"106\">VELIKOST<\/td>\n<td style=\"text-align: center;\" width=\"106\">Obvod p\u0159es prsa<\/td>\n<td style=\"text-align: center;\" width=\"106\">D\u00e9lka ruk\u00e1vu od krku<\/td>\n<td style=\"text-align: center;\" width=\"106\">D\u00e9lka<\/td>\n<\/tr>\n<tr>\n<td style=\"text-align: center;\" width=\"106\">S<\/td>\n<td style=\"text-align: center;\" width=\"106\">104<\/td>\n<td style=\"text-align: center;\" width=\"106\">69<\/td>\n<td style=\"text-align: center;\" width=\"106\">60\/68<\/td>\n<\/tr>\n<tr>\n<td style=\"text-align: center;\" width=\"106\">M<\/td>\n<td style=\"text-align: center;\" width=\"106\">105<\/td>\n<td style=\"text-align: center;\" width=\"106\">69<\/td>\n<td style=\"text-align: center;\" width=\"106\">60\/68<\/td>\n<\/tr>\n<tr>\n<td style=\"text-align: center;\" width=\"106\">L<\/td>\n<td style=\"text-align: center;\" width=\"106\">106<\/td>\n<td style=\"text-align: center;\" width=\"106\">70<\/td>\n<td style=\"text-align: center;\" width=\"106\">60\/68<\/td>\n<\/tr>\n<\/tbody>\n<\/table>\n","protected":false},"featured_media":21700,"comment_status":"open","ping_status":"closed","template":"","meta":[],"product_cat":[15,196,230],"product_tag":[],"_links":{"self":[{"href":"https:\/\/moveupfashion.cz\/index.php?rest_route=\/wp\/v2\/product\/21683"}],"collection":[{"href":"https:\/\/moveupfashion.cz\/index.php?rest_route=\/wp\/v2\/product"}],"about":[{"href":"https:\/\/moveupfashion.cz\/index.php?rest_route=\/wp\/v2\/types\/product"}],"replies":[{"embeddable":true,"href":"https:\/\/moveupfashion.cz\/index.php?rest_route=%2Fwp%2Fv2%2Fcomments&post=21683"}],"wp:featuredmedia":[{"embeddable":true,"href":"https:\/\/moveupfashion.cz\/index.php?rest_route=\/wp\/v2\/media\/21700"}],"wp:attachment":[{"href":"https:\/\/moveupfashion.cz\/index.php?rest_route=%2Fwp%2Fv2%2Fmedia&parent=21683"}],"wp:term":[{"taxonomy":"product_cat","embeddable":true,"href":"https:\/\/moveupfashion.cz\/index.php?rest_route=%2Fwp%2Fv2%2Fproduct_cat&post=21683"},{"taxonomy":"product_tag","embeddable":true,"href":"https:\/\/moveupfashion.cz\/index.php?rest_route=%2Fwp%2Fv2%2Fproduct_tag&post=21683"}],"curies":[{"name":"wp","href":"https:\/\/api.w.org\/{rel}","templated":true}]}}