{"id":21648,"date":"2021-02-23T16:49:36","date_gmt":"2021-02-23T15:49:36","guid":{"rendered":"https:\/\/moveupfashion.cz\/?post_type=product&#038;p=21648"},"modified":"2021-05-15T12:41:36","modified_gmt":"2021-05-15T10:41:36","slug":"damske-lehky-kabat-bezovy-4","status":"publish","type":"product","link":"https:\/\/moveupfashion.cz\/?product=damske-lehky-kabat-bezovy-4","title":{"rendered":"D\u00c1MSK\u00c9 LEHK\u00dd KAB\u00c1T, B\u00c9\u017dOV\u00dd"},"content":{"rendered":"<p>Jarn\u00ed hit. Lehk\u00fd kab\u00e1t, kter\u00fd m\u016f\u017eete nosit na ja\u0159e i v l\u00e9t\u011b.<\/p>\n<p>Materi\u00e1l: polyester 100%<\/p>\n<table style=\"height: 208px;\" width=\"715\">\n<tbody>\n<tr>\n<td width=\"176\">\n<p style=\"text-align: center;\"><strong>LIKOST<\/strong><\/p>\n<\/td>\n<td style=\"text-align: center;\" width=\"176\"><strong>Obvod p\u0159es prsa<\/strong><\/td>\n<td style=\"text-align: center;\" width=\"176\"><strong>D\u00e9lka ruk\u00e1vu<\/strong><\/td>\n<td style=\"text-align: center;\" width=\"176\"><strong>D\u00e9lka<\/strong><\/td>\n<\/tr>\n<tr>\n<td style=\"text-align: center;\" width=\"176\">S \/ 36<\/td>\n<td style=\"text-align: center;\" width=\"176\">50<\/td>\n<td style=\"text-align: center;\" width=\"176\">69<\/td>\n<td style=\"text-align: center;\" width=\"176\">100<\/td>\n<\/tr>\n<tr>\n<td style=\"text-align: center;\" width=\"176\">M \/ 38<\/td>\n<td style=\"text-align: center;\" width=\"176\">51<\/td>\n<td style=\"text-align: center;\" width=\"176\">69<\/td>\n<td style=\"text-align: center;\" width=\"176\">100<\/td>\n<\/tr>\n<tr>\n<td style=\"text-align: center;\" width=\"176\">L \/ 40<\/td>\n<td style=\"text-align: center;\" width=\"176\">52<\/td>\n<td style=\"text-align: center;\" width=\"176\">70<\/td>\n<td style=\"text-align: center;\" width=\"176\">102<\/td>\n<\/tr>\n<tr>\n<td style=\"text-align: center;\" width=\"176\">XL \/ 42<\/td>\n<td style=\"text-align: center;\" width=\"176\">53<\/td>\n<td style=\"text-align: center;\" width=\"176\">71<\/td>\n<td style=\"text-align: center;\" width=\"176\">102<\/td>\n<\/tr>\n<tr>\n<td style=\"text-align: center;\" width=\"176\"><\/td>\n<td style=\"text-align: center;\" width=\"176\"><\/td>\n<td style=\"text-align: center;\" width=\"176\"><\/td>\n<td style=\"text-align: center;\" width=\"176\"><\/td>\n<\/tr>\n<\/tbody>\n<\/table>\n<p>&nbsp;<\/p>\n<p>&nbsp;<\/p>\n<p>&nbsp;<\/p>\n","protected":false},"excerpt":{"rendered":"<p>Lehk\u00fd kab\u00e1t, jarn\u00ed hit.<\/p>\n<p>Velikost \u2013S, M, L, XL<\/p>\n<p>&nbsp;<\/p>\n","protected":false},"featured_media":25128,"comment_status":"open","ping_status":"closed","template":"","meta":[],"product_cat":[15,219],"product_tag":[],"_links":{"self":[{"href":"https:\/\/moveupfashion.cz\/index.php?rest_route=\/wp\/v2\/product\/21648"}],"collection":[{"href":"https:\/\/moveupfashion.cz\/index.php?rest_route=\/wp\/v2\/product"}],"about":[{"href":"https:\/\/moveupfashion.cz\/index.php?rest_route=\/wp\/v2\/types\/product"}],"replies":[{"embeddable":true,"href":"https:\/\/moveupfashion.cz\/index.php?rest_route=%2Fwp%2Fv2%2Fcomments&post=21648"}],"wp:featuredmedia":[{"embeddable":true,"href":"https:\/\/moveupfashion.cz\/index.php?rest_route=\/wp\/v2\/media\/25128"}],"wp:attachment":[{"href":"https:\/\/moveupfashion.cz\/index.php?rest_route=%2Fwp%2Fv2%2Fmedia&parent=21648"}],"wp:term":[{"taxonomy":"product_cat","embeddable":true,"href":"https:\/\/moveupfashion.cz\/index.php?rest_route=%2Fwp%2Fv2%2Fproduct_cat&post=21648"},{"taxonomy":"product_tag","embeddable":true,"href":"https:\/\/moveupfashion.cz\/index.php?rest_route=%2Fwp%2Fv2%2Fproduct_tag&post=21648"}],"curies":[{"name":"wp","href":"https:\/\/api.w.org\/{rel}","templated":true}]}}