{"id":21335,"date":"2021-02-23T11:43:25","date_gmt":"2021-02-23T10:43:25","guid":{"rendered":"https:\/\/moveupfashion.cz\/?post_type=product&#038;p=21335"},"modified":"2021-05-15T12:41:43","modified_gmt":"2021-05-15T10:41:43","slug":"damska-jarni-bunda-letni-bunda-hneda","status":"publish","type":"product","link":"https:\/\/moveupfashion.cz\/?product=damska-jarni-bunda-letni-bunda-hneda","title":{"rendered":"D\u00c1MSK\u00c1 JARN\u00cd BUNDA, LETN\u00cd BUNDA \/ HN\u011aD\u00c1"},"content":{"rendered":"<p>Lehk\u00e1 bunda, kterou m\u016f\u017eete nosit na ja\u0159e a v l\u00e9t\u011b.<\/p>\n<p>Slo\u017een\u00ed :<\/p>\n","protected":false},"excerpt":{"rendered":"<h4><span style=\"color: #ff0000;\"><strong>Porovnejte Va\u0161e m\u00edry s tabulkou a zkontrolujte<\/strong><\/span><\/h4>\n<table style=\"height: 128px;\" width=\"712\">\n<tbody>\n<tr>\n<td style=\"text-align: center;\" width=\"178\">VELIKOST<\/td>\n<td style=\"text-align: center;\" width=\"178\">Obvod p\u0159es prsa<\/td>\n<td style=\"text-align: center;\" width=\"178\">D\u00e9lka ruk\u00e1vu ot krku<\/td>\n<td style=\"text-align: center;\" width=\"178\">D\u00e9lka<\/td>\n<\/tr>\n<tr>\n<td style=\"text-align: center;\" width=\"178\">S \/ 36<\/td>\n<td style=\"text-align: center;\" width=\"178\">116<\/td>\n<td style=\"text-align: center;\" width=\"178\">70<\/td>\n<td style=\"text-align: center;\" width=\"178\">61<\/td>\n<\/tr>\n<tr>\n<td style=\"text-align: center;\" width=\"178\">M \/ 38<\/td>\n<td style=\"text-align: center;\" width=\"178\">120<\/td>\n<td style=\"text-align: center;\" width=\"178\">72<\/td>\n<td style=\"text-align: center;\" width=\"178\">62<\/td>\n<\/tr>\n<tr>\n<td style=\"text-align: center;\" width=\"178\"><\/td>\n<td style=\"text-align: center;\" width=\"178\"><\/td>\n<td style=\"text-align: center;\" width=\"178\"><\/td>\n<td style=\"text-align: center;\" width=\"178\"><\/td>\n<\/tr>\n<tr>\n<td style=\"text-align: center;\" width=\"178\"><\/td>\n<td style=\"text-align: center;\" width=\"178\"><\/td>\n<td style=\"text-align: center;\" width=\"178\"><\/td>\n<td style=\"text-align: center;\" width=\"178\"><\/td>\n<\/tr>\n<tr>\n<td style=\"text-align: center;\" width=\"178\"><\/td>\n<td style=\"text-align: center;\" width=\"178\"><\/td>\n<td style=\"text-align: center;\" width=\"178\"><\/td>\n<td style=\"text-align: center;\" width=\"178\"><\/td>\n<\/tr>\n<\/tbody>\n<\/table>\n<p>&nbsp;<\/p>\n","protected":false},"featured_media":21340,"comment_status":"open","ping_status":"closed","template":"","meta":[],"product_cat":[15,196,230],"product_tag":[],"_links":{"self":[{"href":"https:\/\/moveupfashion.cz\/index.php?rest_route=\/wp\/v2\/product\/21335"}],"collection":[{"href":"https:\/\/moveupfashion.cz\/index.php?rest_route=\/wp\/v2\/product"}],"about":[{"href":"https:\/\/moveupfashion.cz\/index.php?rest_route=\/wp\/v2\/types\/product"}],"replies":[{"embeddable":true,"href":"https:\/\/moveupfashion.cz\/index.php?rest_route=%2Fwp%2Fv2%2Fcomments&post=21335"}],"wp:featuredmedia":[{"embeddable":true,"href":"https:\/\/moveupfashion.cz\/index.php?rest_route=\/wp\/v2\/media\/21340"}],"wp:attachment":[{"href":"https:\/\/moveupfashion.cz\/index.php?rest_route=%2Fwp%2Fv2%2Fmedia&parent=21335"}],"wp:term":[{"taxonomy":"product_cat","embeddable":true,"href":"https:\/\/moveupfashion.cz\/index.php?rest_route=%2Fwp%2Fv2%2Fproduct_cat&post=21335"},{"taxonomy":"product_tag","embeddable":true,"href":"https:\/\/moveupfashion.cz\/index.php?rest_route=%2Fwp%2Fv2%2Fproduct_tag&post=21335"}],"curies":[{"name":"wp","href":"https:\/\/api.w.org\/{rel}","templated":true}]}}