{"id":20883,"date":"2021-02-21T14:23:05","date_gmt":"2021-02-21T13:23:05","guid":{"rendered":"https:\/\/moveupfashion.cz\/?post_type=product&#038;p=20883"},"modified":"2021-05-15T12:41:53","modified_gmt":"2021-05-15T10:41:53","slug":"damske-kabat-cerny-5","status":"publish","type":"product","link":"https:\/\/moveupfashion.cz\/?product=damske-kabat-cerny-5","title":{"rendered":"D\u00c1MSK\u00c9 KAB\u00c1T, \u010cERN\u00dd"},"content":{"rendered":"<p>Jarn\u00ed hit. Lehk\u00fd kab\u00e1t, kter\u00fd m\u016f\u017eete nosit na ja\u0159e i v l\u00e9t\u011b. Model oversize.<\/p>\n<p>D\u00e9lka &#8211; 110 cm<\/p>\n<p>SLO\u017d\u00c9N\u00cd\u00a0 100% Polyester<\/p>\n","protected":false},"excerpt":{"rendered":"<p>Lehk\u00fd kab\u00e1t, kter\u00fd m\u016f\u017eete nosit na ja\u0159e i v l\u00e9t\u011b.<\/p>\n<p>Velikost \u2013 M, L<\/p>\n<p>&nbsp;<\/p>\n","protected":false},"featured_media":20876,"comment_status":"open","ping_status":"closed","template":"","meta":[],"product_cat":[15,219],"product_tag":[],"_links":{"self":[{"href":"https:\/\/moveupfashion.cz\/index.php?rest_route=\/wp\/v2\/product\/20883"}],"collection":[{"href":"https:\/\/moveupfashion.cz\/index.php?rest_route=\/wp\/v2\/product"}],"about":[{"href":"https:\/\/moveupfashion.cz\/index.php?rest_route=\/wp\/v2\/types\/product"}],"replies":[{"embeddable":true,"href":"https:\/\/moveupfashion.cz\/index.php?rest_route=%2Fwp%2Fv2%2Fcomments&post=20883"}],"wp:featuredmedia":[{"embeddable":true,"href":"https:\/\/moveupfashion.cz\/index.php?rest_route=\/wp\/v2\/media\/20876"}],"wp:attachment":[{"href":"https:\/\/moveupfashion.cz\/index.php?rest_route=%2Fwp%2Fv2%2Fmedia&parent=20883"}],"wp:term":[{"taxonomy":"product_cat","embeddable":true,"href":"https:\/\/moveupfashion.cz\/index.php?rest_route=%2Fwp%2Fv2%2Fproduct_cat&post=20883"},{"taxonomy":"product_tag","embeddable":true,"href":"https:\/\/moveupfashion.cz\/index.php?rest_route=%2Fwp%2Fv2%2Fproduct_tag&post=20883"}],"curies":[{"name":"wp","href":"https:\/\/api.w.org\/{rel}","templated":true}]}}