{"id":20870,"date":"2021-02-21T14:17:19","date_gmt":"2021-02-21T13:17:19","guid":{"rendered":"https:\/\/moveupfashion.cz\/?post_type=product&#038;p=20870"},"modified":"2021-05-15T12:41:53","modified_gmt":"2021-05-15T10:41:53","slug":"damske-kabat-sedy-3","status":"publish","type":"product","link":"https:\/\/moveupfashion.cz\/?product=damske-kabat-sedy-3","title":{"rendered":"D\u00c1MSK\u00c9 KAB\u00c1T, \u0160ED\u00dd"},"content":{"rendered":"<p>Jarn\u00ed hit. Lehk\u00fd kab\u00e1t, kter\u00fd m\u016f\u017eete nosit na ja\u0159e i v l\u00e9t\u011b. Model oversize.<\/p>\n<p>D\u00e9lka &#8211; 110 cm<\/p>\n<p>SLO\u017d\u00c9N\u00cd\u00a0 100% Polyester<\/p>\n","protected":false},"excerpt":{"rendered":"<p>Lehk\u00fd kab\u00e1t, kter\u00fd m\u016f\u017eete nosit na ja\u0159e i v l\u00e9t\u011b.<\/p>\n<p>Velikost \u2013 M, L<\/p>\n<p>&nbsp;<\/p>\n","protected":false},"featured_media":20875,"comment_status":"open","ping_status":"closed","template":"","meta":[],"product_cat":[15,219],"product_tag":[],"_links":{"self":[{"href":"https:\/\/moveupfashion.cz\/index.php?rest_route=\/wp\/v2\/product\/20870"}],"collection":[{"href":"https:\/\/moveupfashion.cz\/index.php?rest_route=\/wp\/v2\/product"}],"about":[{"href":"https:\/\/moveupfashion.cz\/index.php?rest_route=\/wp\/v2\/types\/product"}],"replies":[{"embeddable":true,"href":"https:\/\/moveupfashion.cz\/index.php?rest_route=%2Fwp%2Fv2%2Fcomments&post=20870"}],"wp:featuredmedia":[{"embeddable":true,"href":"https:\/\/moveupfashion.cz\/index.php?rest_route=\/wp\/v2\/media\/20875"}],"wp:attachment":[{"href":"https:\/\/moveupfashion.cz\/index.php?rest_route=%2Fwp%2Fv2%2Fmedia&parent=20870"}],"wp:term":[{"taxonomy":"product_cat","embeddable":true,"href":"https:\/\/moveupfashion.cz\/index.php?rest_route=%2Fwp%2Fv2%2Fproduct_cat&post=20870"},{"taxonomy":"product_tag","embeddable":true,"href":"https:\/\/moveupfashion.cz\/index.php?rest_route=%2Fwp%2Fv2%2Fproduct_tag&post=20870"}],"curies":[{"name":"wp","href":"https:\/\/api.w.org\/{rel}","templated":true}]}}