{"id":20850,"date":"2021-02-21T13:59:39","date_gmt":"2021-02-21T12:59:39","guid":{"rendered":"https:\/\/moveupfashion.cz\/?post_type=product&#038;p=20850"},"modified":"2021-05-15T12:41:53","modified_gmt":"2021-05-15T10:41:53","slug":"damske-kabat-cerny-3","status":"publish","type":"product","link":"https:\/\/moveupfashion.cz\/?product=damske-kabat-cerny-3","title":{"rendered":"D\u00c1MSK\u00c9 KAB\u00c1T, \u010cERN\u00dd"},"content":{"rendered":"<p>Lehk\u00fd kab\u00e1t. Model oversize.<\/p>\n<p>Materi\u00e1l: BAVLNA 100%<\/p>\n<p>D\u00e9lka &#8211; 110 cm<\/p>\n","protected":false},"excerpt":{"rendered":"<p>Lehk\u00fd kab\u00e1t, kter\u00fd m\u016f\u017eete nosit na ja\u0159e i v l\u00e9t\u011b.<\/p>\n<p>Velikost \u2013 M, L, XL, XXL<\/p>\n<p>&nbsp;<\/p>\n","protected":false},"featured_media":24842,"comment_status":"open","ping_status":"closed","template":"","meta":[],"product_cat":[15,219],"product_tag":[],"_links":{"self":[{"href":"https:\/\/moveupfashion.cz\/index.php?rest_route=\/wp\/v2\/product\/20850"}],"collection":[{"href":"https:\/\/moveupfashion.cz\/index.php?rest_route=\/wp\/v2\/product"}],"about":[{"href":"https:\/\/moveupfashion.cz\/index.php?rest_route=\/wp\/v2\/types\/product"}],"replies":[{"embeddable":true,"href":"https:\/\/moveupfashion.cz\/index.php?rest_route=%2Fwp%2Fv2%2Fcomments&post=20850"}],"wp:featuredmedia":[{"embeddable":true,"href":"https:\/\/moveupfashion.cz\/index.php?rest_route=\/wp\/v2\/media\/24842"}],"wp:attachment":[{"href":"https:\/\/moveupfashion.cz\/index.php?rest_route=%2Fwp%2Fv2%2Fmedia&parent=20850"}],"wp:term":[{"taxonomy":"product_cat","embeddable":true,"href":"https:\/\/moveupfashion.cz\/index.php?rest_route=%2Fwp%2Fv2%2Fproduct_cat&post=20850"},{"taxonomy":"product_tag","embeddable":true,"href":"https:\/\/moveupfashion.cz\/index.php?rest_route=%2Fwp%2Fv2%2Fproduct_tag&post=20850"}],"curies":[{"name":"wp","href":"https:\/\/api.w.org\/{rel}","templated":true}]}}