{"id":20804,"date":"2021-02-20T21:48:43","date_gmt":"2021-02-20T20:48:43","guid":{"rendered":"https:\/\/moveupfashion.cz\/?post_type=product&#038;p=20804"},"modified":"2021-05-15T12:41:54","modified_gmt":"2021-05-15T10:41:54","slug":"damska-kozenkova-bunda-cerna-23","status":"publish","type":"product","link":"https:\/\/moveupfashion.cz\/?product=damska-kozenkova-bunda-cerna-23","title":{"rendered":"D\u00c1MSK\u00c1 KO\u017dENKOV\u00c1 BUNDA, HN\u011aD\u00c1"},"content":{"rendered":"<p>Ko\u017eenkov\u00e1 bunda.<\/p>\n<p>Zap\u00edn\u00e1n\u00ed na zip. Je vhodn\u00e1 na b\u011b\u017en\u00e9 no\u0161en\u00ed do m\u011bsta, m\u00e1 atraktivn\u00ed vzhled a poskytuje maxim\u00e1ln\u00ed pohodl\u00ed.<\/p>\n<p>Slo\u017een\u00ed : 100% polyester.<\/p>\n<p>Zateplen\u00e1 um\u011blou ko\u017ee\u0161inou<\/p>\n<div class=\"col-12\"><\/div>\n","protected":false},"excerpt":{"rendered":"<p>Spojen\u00ed m\u00f3dn\u00edch trend\u016f a prakti\u010dnosti u tohoto modelu.<\/p>\n<h4><span style=\"color: #ff0000;\"><strong>Porovnejte Va\u0161e m\u00edry s tabulkou a zkontrolujte<\/strong><\/span><\/h4>\n<table width=\"704\">\n<tbody>\n<tr>\n<td width=\"176\">\n<p style=\"text-align: center;\"><strong>VELIKOST<\/strong><\/p>\n<\/td>\n<td style=\"text-align: center;\" width=\"176\"><strong>Obvod p\u0159es prsa<\/strong><\/td>\n<td style=\"text-align: center;\" width=\"176\"><strong>D\u00e9lka ruk\u00e1vu<\/strong><\/td>\n<td style=\"text-align: center;\" width=\"176\"><strong>D\u00e9lka<\/strong><\/td>\n<\/tr>\n<tr>\n<td style=\"text-align: center;\" width=\"176\">S \/ 36<\/td>\n<td style=\"text-align: center;\" width=\"176\">93<\/td>\n<td style=\"text-align: center;\" width=\"176\">61<\/td>\n<td style=\"text-align: center;\" width=\"176\">54<\/td>\n<\/tr>\n<tr>\n<td style=\"text-align: center;\" width=\"176\">M \/ 38<\/td>\n<td style=\"text-align: center;\" width=\"176\">96<\/td>\n<td style=\"text-align: center;\" width=\"176\">61<\/td>\n<td style=\"text-align: center;\" width=\"176\">55<\/td>\n<\/tr>\n<tr>\n<td style=\"text-align: center;\" width=\"176\">L \/ 40<\/td>\n<td style=\"text-align: center;\" width=\"176\">102<\/td>\n<td style=\"text-align: center;\" width=\"176\">62<\/td>\n<td style=\"text-align: center;\" width=\"176\">55<\/td>\n<\/tr>\n<tr>\n<td style=\"text-align: center;\" width=\"176\">XL \/ 42<\/td>\n<td style=\"text-align: center;\" width=\"176\">104<\/td>\n<td style=\"text-align: center;\" width=\"176\">63<\/td>\n<td style=\"text-align: center;\" width=\"176\">56<\/td>\n<\/tr>\n<tr>\n<td style=\"text-align: center;\" width=\"176\">XXL \/ 44<\/td>\n<td style=\"text-align: center;\" width=\"176\">110<\/td>\n<td style=\"text-align: center;\" width=\"176\">63<\/td>\n<td style=\"text-align: center;\" width=\"176\">58<\/td>\n<\/tr>\n<\/tbody>\n<\/table>\n<p>&nbsp;<\/p>\n","protected":false},"featured_media":20789,"comment_status":"open","ping_status":"closed","template":"","meta":[],"product_cat":[15,196,198],"product_tag":[],"_links":{"self":[{"href":"https:\/\/moveupfashion.cz\/index.php?rest_route=\/wp\/v2\/product\/20804"}],"collection":[{"href":"https:\/\/moveupfashion.cz\/index.php?rest_route=\/wp\/v2\/product"}],"about":[{"href":"https:\/\/moveupfashion.cz\/index.php?rest_route=\/wp\/v2\/types\/product"}],"replies":[{"embeddable":true,"href":"https:\/\/moveupfashion.cz\/index.php?rest_route=%2Fwp%2Fv2%2Fcomments&post=20804"}],"wp:featuredmedia":[{"embeddable":true,"href":"https:\/\/moveupfashion.cz\/index.php?rest_route=\/wp\/v2\/media\/20789"}],"wp:attachment":[{"href":"https:\/\/moveupfashion.cz\/index.php?rest_route=%2Fwp%2Fv2%2Fmedia&parent=20804"}],"wp:term":[{"taxonomy":"product_cat","embeddable":true,"href":"https:\/\/moveupfashion.cz\/index.php?rest_route=%2Fwp%2Fv2%2Fproduct_cat&post=20804"},{"taxonomy":"product_tag","embeddable":true,"href":"https:\/\/moveupfashion.cz\/index.php?rest_route=%2Fwp%2Fv2%2Fproduct_tag&post=20804"}],"curies":[{"name":"wp","href":"https:\/\/api.w.org\/{rel}","templated":true}]}}