{"id":20723,"date":"2021-02-20T20:45:19","date_gmt":"2021-02-20T19:45:19","guid":{"rendered":"https:\/\/moveupfashion.cz\/?post_type=product&#038;p=20723"},"modified":"2021-05-15T12:41:57","modified_gmt":"2021-05-15T10:41:57","slug":"damska-kosile-bila-3","status":"publish","type":"product","link":"https:\/\/moveupfashion.cz\/?product=damska-kosile-bila-3","title":{"rendered":"D\u00c1MSK\u00c1 KO\u0160ILE, B\u00cdL\u00c1"},"content":{"rendered":"<p>Zap\u00edn\u00e1n\u00ed na knofl\u00ed\u010dky.<\/p>\n<p>Materi\u00e1l: 95% Cotton, 5% Elast<\/p>\n<p>Velikost UNI (S, M, L, XL).<\/p>\n","protected":false},"excerpt":{"rendered":"<p>Velikost \u2013 M, L, XL<\/p>\n<p>&nbsp;<\/p>\n","protected":false},"featured_media":20720,"comment_status":"open","ping_status":"closed","template":"","meta":[],"product_cat":[15,218],"product_tag":[],"_links":{"self":[{"href":"https:\/\/moveupfashion.cz\/index.php?rest_route=\/wp\/v2\/product\/20723"}],"collection":[{"href":"https:\/\/moveupfashion.cz\/index.php?rest_route=\/wp\/v2\/product"}],"about":[{"href":"https:\/\/moveupfashion.cz\/index.php?rest_route=\/wp\/v2\/types\/product"}],"replies":[{"embeddable":true,"href":"https:\/\/moveupfashion.cz\/index.php?rest_route=%2Fwp%2Fv2%2Fcomments&post=20723"}],"wp:featuredmedia":[{"embeddable":true,"href":"https:\/\/moveupfashion.cz\/index.php?rest_route=\/wp\/v2\/media\/20720"}],"wp:attachment":[{"href":"https:\/\/moveupfashion.cz\/index.php?rest_route=%2Fwp%2Fv2%2Fmedia&parent=20723"}],"wp:term":[{"taxonomy":"product_cat","embeddable":true,"href":"https:\/\/moveupfashion.cz\/index.php?rest_route=%2Fwp%2Fv2%2Fproduct_cat&post=20723"},{"taxonomy":"product_tag","embeddable":true,"href":"https:\/\/moveupfashion.cz\/index.php?rest_route=%2Fwp%2Fv2%2Fproduct_tag&post=20723"}],"curies":[{"name":"wp","href":"https:\/\/api.w.org\/{rel}","templated":true}]}}