{"id":20710,"date":"2021-02-20T20:38:47","date_gmt":"2021-02-20T19:38:47","guid":{"rendered":"https:\/\/moveupfashion.cz\/?post_type=product&#038;p=20710"},"modified":"2021-05-15T12:41:59","modified_gmt":"2021-05-15T10:41:59","slug":"damska-kosile-bila-2","status":"publish","type":"product","link":"https:\/\/moveupfashion.cz\/?product=damska-kosile-bila-2","title":{"rendered":"D\u00c1MSK\u00c1 KO\u0160ILE, B\u00cdL\u00c1"},"content":{"rendered":"<p>Zap\u00edn\u00e1n\u00ed na knofl\u00ed\u010dky.<\/p>\n<p>Materi\u00e1l: 100% Cotton<\/p>\n<p>Velikost UNI (S, M, L, XL).<\/p>\n","protected":false},"excerpt":{"rendered":"<p>Velikost \u2013 M, L<\/p>\n<p>&nbsp;<\/p>\n","protected":false},"featured_media":20708,"comment_status":"open","ping_status":"closed","template":"","meta":[],"product_cat":[15,218],"product_tag":[],"_links":{"self":[{"href":"https:\/\/moveupfashion.cz\/index.php?rest_route=\/wp\/v2\/product\/20710"}],"collection":[{"href":"https:\/\/moveupfashion.cz\/index.php?rest_route=\/wp\/v2\/product"}],"about":[{"href":"https:\/\/moveupfashion.cz\/index.php?rest_route=\/wp\/v2\/types\/product"}],"replies":[{"embeddable":true,"href":"https:\/\/moveupfashion.cz\/index.php?rest_route=%2Fwp%2Fv2%2Fcomments&post=20710"}],"wp:featuredmedia":[{"embeddable":true,"href":"https:\/\/moveupfashion.cz\/index.php?rest_route=\/wp\/v2\/media\/20708"}],"wp:attachment":[{"href":"https:\/\/moveupfashion.cz\/index.php?rest_route=%2Fwp%2Fv2%2Fmedia&parent=20710"}],"wp:term":[{"taxonomy":"product_cat","embeddable":true,"href":"https:\/\/moveupfashion.cz\/index.php?rest_route=%2Fwp%2Fv2%2Fproduct_cat&post=20710"},{"taxonomy":"product_tag","embeddable":true,"href":"https:\/\/moveupfashion.cz\/index.php?rest_route=%2Fwp%2Fv2%2Fproduct_tag&post=20710"}],"curies":[{"name":"wp","href":"https:\/\/api.w.org\/{rel}","templated":true}]}}