{"id":20569,"date":"2021-02-20T17:36:48","date_gmt":"2021-02-20T16:36:48","guid":{"rendered":"https:\/\/moveupfashion.cz\/?post_type=product&#038;p=20569"},"modified":"2021-05-15T12:42:02","modified_gmt":"2021-05-15T10:42:02","slug":"damska-kosile-bila","status":"publish","type":"product","link":"https:\/\/moveupfashion.cz\/?product=damska-kosile-bila","title":{"rendered":"D\u00c1MSK\u00c1 KO\u0160ILE, B\u00cdL\u00c1"},"content":{"rendered":"<p>Zap\u00edn\u00e1n\u00ed na knofl\u00ed\u010dky.<\/p>\n<p>Materi\u00e1l: 97% Cotton, 3% Elast<\/p>\n<p>Velikost UNI (S, M, L, XL).<\/p>\n","protected":false},"excerpt":{"rendered":"<p>Velikost \u2013 S, M, L<\/p>\n<p>&nbsp;<\/p>\n","protected":false},"featured_media":20596,"comment_status":"open","ping_status":"closed","template":"","meta":[],"product_cat":[15,218],"product_tag":[],"_links":{"self":[{"href":"https:\/\/moveupfashion.cz\/index.php?rest_route=\/wp\/v2\/product\/20569"}],"collection":[{"href":"https:\/\/moveupfashion.cz\/index.php?rest_route=\/wp\/v2\/product"}],"about":[{"href":"https:\/\/moveupfashion.cz\/index.php?rest_route=\/wp\/v2\/types\/product"}],"replies":[{"embeddable":true,"href":"https:\/\/moveupfashion.cz\/index.php?rest_route=%2Fwp%2Fv2%2Fcomments&post=20569"}],"wp:featuredmedia":[{"embeddable":true,"href":"https:\/\/moveupfashion.cz\/index.php?rest_route=\/wp\/v2\/media\/20596"}],"wp:attachment":[{"href":"https:\/\/moveupfashion.cz\/index.php?rest_route=%2Fwp%2Fv2%2Fmedia&parent=20569"}],"wp:term":[{"taxonomy":"product_cat","embeddable":true,"href":"https:\/\/moveupfashion.cz\/index.php?rest_route=%2Fwp%2Fv2%2Fproduct_cat&post=20569"},{"taxonomy":"product_tag","embeddable":true,"href":"https:\/\/moveupfashion.cz\/index.php?rest_route=%2Fwp%2Fv2%2Fproduct_tag&post=20569"}],"curies":[{"name":"wp","href":"https:\/\/api.w.org\/{rel}","templated":true}]}}