{"id":20174,"date":"2021-02-19T13:18:54","date_gmt":"2021-02-19T12:18:54","guid":{"rendered":"https:\/\/moveupfashion.cz\/?post_type=product&#038;p=20174"},"modified":"2021-05-15T12:42:11","modified_gmt":"2021-05-15T10:42:11","slug":"dzinova-bunda-damska-riflova-bunda-modra-12","status":"publish","type":"product","link":"https:\/\/moveupfashion.cz\/?product=dzinova-bunda-damska-riflova-bunda-modra-12","title":{"rendered":"D\u017d\u00cdNOV\u00c1 BUNDA, D\u00c1MSK\u00c1 RIFLOV\u00c1 BUNDA, MODR\u00c1"},"content":{"rendered":"<p>Lehk\u00e1 bunda, kterou m\u016f\u017eete nosit na ja\u0159e i\u00a0v\u00a0l\u00e9t\u011b.<\/p>\n<p>Zap\u00edn\u00e1n\u00ed\u00a0na\u00a0knofl\u00edk<br \/>\nSlo\u017een\u00ed : 100% bavlna<\/p>\n","protected":false},"excerpt":{"rendered":"<p>Riflov\u00e1 bunda, kter\u00e1 by nem\u011bla chyb\u011bt v \u017e\u00e1dn\u00e9m \u0161atn\u00edku.<\/p>\n<p><span style=\"color: #ff0000;\"><strong>Porovnejte Va\u0161e m\u00edry s tabulkou a zkontrolujte!<\/strong><\/span><\/p>\n<table width=\"424\">\n<tbody>\n<tr>\n<td style=\"text-align: center;\" width=\"106\">VELIKOST<\/td>\n<td style=\"text-align: center;\" width=\"106\">Obvod p\u0159es prsa<\/td>\n<td style=\"text-align: center;\" width=\"106\">D\u00e9lka ruk\u00e1vu<\/td>\n<td style=\"text-align: center;\" width=\"106\">D\u00e9lka<\/td>\n<\/tr>\n<tr>\n<td style=\"text-align: center;\" width=\"106\">S<\/td>\n<td style=\"text-align: center;\" width=\"106\">96<\/td>\n<td style=\"text-align: center;\" width=\"106\">60<\/td>\n<td style=\"text-align: center;\" width=\"106\">55<\/td>\n<\/tr>\n<tr>\n<td style=\"text-align: center;\" width=\"106\">M<\/td>\n<td style=\"text-align: center;\" width=\"106\">98<\/td>\n<td style=\"text-align: center;\" width=\"106\">62<\/td>\n<td style=\"text-align: center;\" width=\"106\">55<\/td>\n<\/tr>\n<tr>\n<td style=\"text-align: center;\" width=\"106\">L<\/td>\n<td style=\"text-align: center;\" width=\"106\">100<\/td>\n<td style=\"text-align: center;\" width=\"106\">62<\/td>\n<td style=\"text-align: center;\" width=\"106\">55<\/td>\n<\/tr>\n<\/tbody>\n<\/table>\n","protected":false},"featured_media":20178,"comment_status":"open","ping_status":"closed","template":"","meta":[],"product_cat":[15,196,197],"product_tag":[],"_links":{"self":[{"href":"https:\/\/moveupfashion.cz\/index.php?rest_route=\/wp\/v2\/product\/20174"}],"collection":[{"href":"https:\/\/moveupfashion.cz\/index.php?rest_route=\/wp\/v2\/product"}],"about":[{"href":"https:\/\/moveupfashion.cz\/index.php?rest_route=\/wp\/v2\/types\/product"}],"replies":[{"embeddable":true,"href":"https:\/\/moveupfashion.cz\/index.php?rest_route=%2Fwp%2Fv2%2Fcomments&post=20174"}],"wp:featuredmedia":[{"embeddable":true,"href":"https:\/\/moveupfashion.cz\/index.php?rest_route=\/wp\/v2\/media\/20178"}],"wp:attachment":[{"href":"https:\/\/moveupfashion.cz\/index.php?rest_route=%2Fwp%2Fv2%2Fmedia&parent=20174"}],"wp:term":[{"taxonomy":"product_cat","embeddable":true,"href":"https:\/\/moveupfashion.cz\/index.php?rest_route=%2Fwp%2Fv2%2Fproduct_cat&post=20174"},{"taxonomy":"product_tag","embeddable":true,"href":"https:\/\/moveupfashion.cz\/index.php?rest_route=%2Fwp%2Fv2%2Fproduct_tag&post=20174"}],"curies":[{"name":"wp","href":"https:\/\/api.w.org\/{rel}","templated":true}]}}