{"id":19799,"date":"2021-02-18T14:54:29","date_gmt":"2021-02-18T13:54:29","guid":{"rendered":"https:\/\/moveupfashion.cz\/?post_type=product&#038;p=19799"},"modified":"2022-10-09T19:17:52","modified_gmt":"2022-10-09T17:17:52","slug":"damska-kozenkova-bunda-mlek%d0%be","status":"publish","type":"product","link":"https:\/\/moveupfashion.cz\/?product=damska-kozenkova-bunda-mlek%d0%be","title":{"rendered":"D\u00c1MSK\u00c1 KO\u017dENKOV\u00c1 BUNDA, ML\u00c9K\u041e"},"content":{"rendered":"<p>Ko\u017eenkov\u00e1\u00a0bunda nezbytn\u00fd kousek na jaro.<\/p>\n<p>Zap\u00edn\u00e1n\u00ed na zip. Je vhodn\u00e1 na b\u011b\u017en\u00e9 no\u0161en\u00ed do m\u011bsta, m\u00e1 atraktivn\u00ed vzhled a poskytuje maxim\u00e1ln\u00ed pohodl\u00ed.<\/p>\n<p>Slo\u017een\u00ed : 100% polyuretan<\/p>\n","protected":false},"excerpt":{"rendered":"<p>Spojen\u00ed m\u00f3dn\u00edch trend\u016f a prakti\u010dnosti u tohoto modelu.<\/p>\n<h4><span style=\"color: #ff0000;\"><strong>Porovnejte Va\u0161e m\u00edry s tabulkou a zkontrolujte<\/strong><\/span><\/h4>\n<table border=\"1\" width=\"100%\" cellspacing=\"0\" cellpadding=\"4\">\n<tbody>\n<tr valign=\"top\">\n<td width=\"20%\">\n<p align=\"center\">VELIKOST<\/p>\n<\/td>\n<td width=\"20%\">\n<p align=\"center\">Ramena<\/p>\n<\/td>\n<td width=\"20%\">\n<p align=\"center\">Obvod p\u0159es prsa<\/p>\n<\/td>\n<td width=\"20%\">\n<p align=\"center\">D\u00e9lka ruk\u00e1vu<\/p>\n<\/td>\n<td width=\"20%\">\n<p align=\"center\">D\u00e9lka<\/p>\n<\/td>\n<\/tr>\n<tr valign=\"top\">\n<td width=\"20%\">\n<p align=\"center\">S \/ 36<\/p>\n<\/td>\n<td width=\"20%\">\n<p align=\"center\">37<\/p>\n<\/td>\n<td width=\"20%\">\n<p align=\"center\">80<\/p>\n<\/td>\n<td width=\"20%\">\n<p align=\"center\">62<\/p>\n<\/td>\n<td width=\"20%\">\n<p align=\"center\">50<\/p>\n<\/td>\n<\/tr>\n<tr valign=\"top\">\n<td width=\"20%\">\n<p align=\"center\">M \/ 38<\/p>\n<\/td>\n<td width=\"20%\">\n<p align=\"center\">38<\/p>\n<\/td>\n<td width=\"20%\">\n<p align=\"center\">82<\/p>\n<\/td>\n<td width=\"20%\">\n<p align=\"center\">62<\/p>\n<\/td>\n<td width=\"20%\">\n<p align=\"center\">51<\/p>\n<\/td>\n<\/tr>\n<tr valign=\"top\">\n<td width=\"20%\">\n<p align=\"center\">L \/ 40<\/p>\n<\/td>\n<td width=\"20%\">\n<p align=\"center\">39<\/p>\n<\/td>\n<td width=\"20%\">\n<p align=\"center\">86<\/p>\n<\/td>\n<td width=\"20%\">\n<p align=\"center\">63<\/p>\n<\/td>\n<td width=\"20%\">\n<p align=\"center\">52<\/p>\n<\/td>\n<\/tr>\n<tr valign=\"top\">\n<td width=\"20%\">\n<p align=\"center\">XL \/ 42<\/p>\n<\/td>\n<td width=\"20%\">\n<p align=\"center\">40<\/p>\n<\/td>\n<td width=\"20%\">\n<p align=\"center\">90<\/p>\n<\/td>\n<td width=\"20%\">\n<p align=\"center\">63<\/p>\n<\/td>\n<td width=\"20%\">\n<p align=\"center\">53<\/p>\n<\/td>\n<\/tr>\n<tr valign=\"top\">\n<td width=\"20%\">\n<p align=\"center\">XXL \/ 44<\/p>\n<\/td>\n<td style=\"text-align: center;\" width=\"20%\">41<\/td>\n<td style=\"text-align: center;\" width=\"20%\">92<\/td>\n<td style=\"text-align: center;\" width=\"20%\">64<\/td>\n<td style=\"text-align: center;\" width=\"20%\">54<\/td>\n<\/tr>\n<\/tbody>\n<\/table>\n<p>&nbsp;<\/p>\n","protected":false},"featured_media":24757,"comment_status":"open","ping_status":"closed","template":"","meta":[],"product_cat":[15,196,198],"product_tag":[],"_links":{"self":[{"href":"https:\/\/moveupfashion.cz\/index.php?rest_route=\/wp\/v2\/product\/19799"}],"collection":[{"href":"https:\/\/moveupfashion.cz\/index.php?rest_route=\/wp\/v2\/product"}],"about":[{"href":"https:\/\/moveupfashion.cz\/index.php?rest_route=\/wp\/v2\/types\/product"}],"replies":[{"embeddable":true,"href":"https:\/\/moveupfashion.cz\/index.php?rest_route=%2Fwp%2Fv2%2Fcomments&post=19799"}],"wp:featuredmedia":[{"embeddable":true,"href":"https:\/\/moveupfashion.cz\/index.php?rest_route=\/wp\/v2\/media\/24757"}],"wp:attachment":[{"href":"https:\/\/moveupfashion.cz\/index.php?rest_route=%2Fwp%2Fv2%2Fmedia&parent=19799"}],"wp:term":[{"taxonomy":"product_cat","embeddable":true,"href":"https:\/\/moveupfashion.cz\/index.php?rest_route=%2Fwp%2Fv2%2Fproduct_cat&post=19799"},{"taxonomy":"product_tag","embeddable":true,"href":"https:\/\/moveupfashion.cz\/index.php?rest_route=%2Fwp%2Fv2%2Fproduct_tag&post=19799"}],"curies":[{"name":"wp","href":"https:\/\/api.w.org\/{rel}","templated":true}]}}