{"id":19486,"date":"2021-02-18T12:14:51","date_gmt":"2021-02-18T11:14:51","guid":{"rendered":"https:\/\/moveupfashion.cz\/?post_type=product&#038;p=19486"},"modified":"2022-12-07T10:40:41","modified_gmt":"2022-12-07T09:40:41","slug":"damske-pantofle-s-koziskem-cerne","status":"publish","type":"product","link":"https:\/\/moveupfashion.cz\/?product=damske-pantofle-s-koziskem-cerne","title":{"rendered":"D\u00c1MSK\u00c9 PANTOFLE S KO\u017d\u00cd\u0160KEM \/ \u010cERN\u00c9"},"content":{"rendered":"<p>&nbsp;<\/p>\n<table style=\"height: 86px;\" width=\"610\">\n<tbody>\n<tr>\n<td style=\"text-align: center;\" width=\"83\">Velikost<\/td>\n<td style=\"text-align: center;\" width=\"64\">36<\/td>\n<td style=\"text-align: center;\" width=\"64\">37<\/td>\n<td style=\"text-align: center;\" width=\"64\">38<\/td>\n<td style=\"text-align: center;\" width=\"64\">39<\/td>\n<td style=\"text-align: center;\" width=\"64\">40<\/td>\n<td style=\"text-align: center;\" width=\"64\">41<\/td>\n<\/tr>\n<tr>\n<td style=\"text-align: center;\">D\u00e9lka st\u00e9lky<\/td>\n<td style=\"text-align: center;\">23,5 cm<\/td>\n<td style=\"text-align: center;\">24 cm<\/td>\n<td style=\"text-align: center;\">24,5 cm<\/td>\n<td style=\"text-align: center;\">25 cm<\/td>\n<td style=\"text-align: center;\">25,5 cm<\/td>\n<td style=\"text-align: center;\">26 cm<\/td>\n<\/tr>\n<\/tbody>\n<\/table>\n","protected":false},"excerpt":{"rendered":"<p>Elegantn\u00ed d\u00e1msk\u00e9 pantofle s ko\u017e\u00ed\u0161kem ( prav\u00e1 li\u0161ka )<\/p>\n","protected":false},"featured_media":19495,"comment_status":"open","ping_status":"closed","template":"","meta":[],"product_cat":[71,253],"product_tag":[],"_links":{"self":[{"href":"https:\/\/moveupfashion.cz\/index.php?rest_route=\/wp\/v2\/product\/19486"}],"collection":[{"href":"https:\/\/moveupfashion.cz\/index.php?rest_route=\/wp\/v2\/product"}],"about":[{"href":"https:\/\/moveupfashion.cz\/index.php?rest_route=\/wp\/v2\/types\/product"}],"replies":[{"embeddable":true,"href":"https:\/\/moveupfashion.cz\/index.php?rest_route=%2Fwp%2Fv2%2Fcomments&post=19486"}],"wp:featuredmedia":[{"embeddable":true,"href":"https:\/\/moveupfashion.cz\/index.php?rest_route=\/wp\/v2\/media\/19495"}],"wp:attachment":[{"href":"https:\/\/moveupfashion.cz\/index.php?rest_route=%2Fwp%2Fv2%2Fmedia&parent=19486"}],"wp:term":[{"taxonomy":"product_cat","embeddable":true,"href":"https:\/\/moveupfashion.cz\/index.php?rest_route=%2Fwp%2Fv2%2Fproduct_cat&post=19486"},{"taxonomy":"product_tag","embeddable":true,"href":"https:\/\/moveupfashion.cz\/index.php?rest_route=%2Fwp%2Fv2%2Fproduct_tag&post=19486"}],"curies":[{"name":"wp","href":"https:\/\/api.w.org\/{rel}","templated":true}]}}