{"id":19324,"date":"2021-02-17T13:22:31","date_gmt":"2021-02-17T12:22:31","guid":{"rendered":"https:\/\/moveupfashion.cz\/?post_type=product&#038;p=19324"},"modified":"2021-05-15T12:42:27","modified_gmt":"2021-05-15T10:42:27","slug":"damska-kozenkova-bunda-cerna-7","status":"publish","type":"product","link":"https:\/\/moveupfashion.cz\/?product=damska-kozenkova-bunda-cerna-7","title":{"rendered":"D\u00c1MSK\u00c1 KO\u017dENKOV\u00c1 BUNDA, LESKL\u00c1 \u010cERN\u00c1 BUNDA"},"content":{"rendered":"<p>Ko\u017eenkov\u00e1\u00a0bunda nezbytn\u00fd kousek na jaro.<\/p>\n<p>Zap\u00edn\u00e1n\u00ed na zip. Je vhodn\u00e1 na b\u011b\u017en\u00e9 no\u0161en\u00ed do m\u011bsta, m\u00e1 atraktivn\u00ed vzhled a poskytuje maxim\u00e1ln\u00ed pohodl\u00ed.<\/p>\n<p>Slo\u017een\u00ed : 65% polyuretan, 35% polyester<\/p>\n","protected":false},"excerpt":{"rendered":"<p>Spojen\u00ed m\u00f3dn\u00edch trend\u016f a prakti\u010dnosti u tohoto modelu.<\/p>\n<h4><span style=\"color: #ff0000;\"><strong>Porovnejte Va\u0161e m\u00edry s tabulkou a zkontrolujte<\/strong><\/span><\/h4>\n<table width=\"712\">\n<tbody>\n<tr>\n<td style=\"text-align: center;\" width=\"178\">VELIKOST<\/td>\n<td style=\"text-align: center;\" width=\"178\">Obvod p\u0159es prsa<\/td>\n<td style=\"text-align: center;\" width=\"178\">D\u00e9lka ruk\u00e1vu<\/td>\n<td style=\"text-align: center;\" width=\"178\">D\u00e9lka<\/td>\n<\/tr>\n<tr>\n<td style=\"text-align: center;\" width=\"178\">M<\/td>\n<td style=\"text-align: center;\" width=\"178\">92<\/td>\n<td style=\"text-align: center;\" width=\"178\">62<\/td>\n<td style=\"text-align: center;\" width=\"178\">56<\/td>\n<\/tr>\n<tr>\n<td style=\"text-align: center;\" width=\"178\">L<\/td>\n<td style=\"text-align: center;\" width=\"178\">97<\/td>\n<td style=\"text-align: center;\" width=\"178\">62<\/td>\n<td style=\"text-align: center;\" width=\"178\">58<\/td>\n<\/tr>\n<tr>\n<td style=\"text-align: center;\" width=\"178\">XL<\/td>\n<td style=\"text-align: center;\" width=\"178\">102<\/td>\n<td style=\"text-align: center;\" width=\"178\">63<\/td>\n<td style=\"text-align: center;\" width=\"178\">59<\/td>\n<\/tr>\n<\/tbody>\n<\/table>\n","protected":false},"featured_media":24732,"comment_status":"open","ping_status":"closed","template":"","meta":[],"product_cat":[15,196,198],"product_tag":[],"_links":{"self":[{"href":"https:\/\/moveupfashion.cz\/index.php?rest_route=\/wp\/v2\/product\/19324"}],"collection":[{"href":"https:\/\/moveupfashion.cz\/index.php?rest_route=\/wp\/v2\/product"}],"about":[{"href":"https:\/\/moveupfashion.cz\/index.php?rest_route=\/wp\/v2\/types\/product"}],"replies":[{"embeddable":true,"href":"https:\/\/moveupfashion.cz\/index.php?rest_route=%2Fwp%2Fv2%2Fcomments&post=19324"}],"wp:featuredmedia":[{"embeddable":true,"href":"https:\/\/moveupfashion.cz\/index.php?rest_route=\/wp\/v2\/media\/24732"}],"wp:attachment":[{"href":"https:\/\/moveupfashion.cz\/index.php?rest_route=%2Fwp%2Fv2%2Fmedia&parent=19324"}],"wp:term":[{"taxonomy":"product_cat","embeddable":true,"href":"https:\/\/moveupfashion.cz\/index.php?rest_route=%2Fwp%2Fv2%2Fproduct_cat&post=19324"},{"taxonomy":"product_tag","embeddable":true,"href":"https:\/\/moveupfashion.cz\/index.php?rest_route=%2Fwp%2Fv2%2Fproduct_tag&post=19324"}],"curies":[{"name":"wp","href":"https:\/\/api.w.org\/{rel}","templated":true}]}}