{"id":19220,"date":"2021-02-15T11:18:54","date_gmt":"2021-02-15T10:18:54","guid":{"rendered":"https:\/\/moveupfashion.cz\/?post_type=product&#038;p=19220"},"modified":"2024-10-21T14:58:57","modified_gmt":"2024-10-21T12:58:57","slug":"pansky-damsky-cestovni-batoh-bezovy-kopirovat","status":"publish","type":"product","link":"https:\/\/moveupfashion.cz\/?product=pansky-damsky-cestovni-batoh-bezovy-kopirovat","title":{"rendered":"D\u00c1MSK\u00dd KO\u017dEN\u00dd BATOH  (HN\u011aD\u00dd)"},"content":{"rendered":"<div>\n<div>M\u00f3dn\u00ed a origin\u00e1ln\u00ed st\u0159\u00edh.<\/div>\n<div>Ide\u00e1ln\u00ed pro ka\u017edou p\u0159\u00edle\u017eitost.<\/div>\n<div>Kvalitn\u00ed cestovn\u00fd batoh hezk\u00e9 dopln\u00ed V\u00e1\u0161 outfit.<\/div>\n<div>\n<div>Materi\u00e1l:\u00a0 k\u016f\u017ee<\/div>\n<\/div>\n<div>Rozm\u011br: 26x36x16 cm<\/div>\n<\/div>\n","protected":false},"excerpt":{"rendered":"<p>Stylov\u00fd cestovn\u00fd batoh z pr\u00e1v\u00e9 k\u016f\u017ee p\u0159es rameno nebo do ruky.<\/p>\n<form class=\"cart\" action=\"https:\/\/moveupfashion.cz\/?product=d-msk-elegantn-batoh-modr\" enctype=\"multipart\/form-data\" method=\"post\">\n<div class=\"quantity\"><\/div>\n<\/form>\n","protected":false},"featured_media":19217,"comment_status":"open","ping_status":"closed","template":"","meta":[],"product_cat":[251],"product_tag":[],"_links":{"self":[{"href":"https:\/\/moveupfashion.cz\/index.php?rest_route=\/wp\/v2\/product\/19220"}],"collection":[{"href":"https:\/\/moveupfashion.cz\/index.php?rest_route=\/wp\/v2\/product"}],"about":[{"href":"https:\/\/moveupfashion.cz\/index.php?rest_route=\/wp\/v2\/types\/product"}],"replies":[{"embeddable":true,"href":"https:\/\/moveupfashion.cz\/index.php?rest_route=%2Fwp%2Fv2%2Fcomments&post=19220"}],"wp:featuredmedia":[{"embeddable":true,"href":"https:\/\/moveupfashion.cz\/index.php?rest_route=\/wp\/v2\/media\/19217"}],"wp:attachment":[{"href":"https:\/\/moveupfashion.cz\/index.php?rest_route=%2Fwp%2Fv2%2Fmedia&parent=19220"}],"wp:term":[{"taxonomy":"product_cat","embeddable":true,"href":"https:\/\/moveupfashion.cz\/index.php?rest_route=%2Fwp%2Fv2%2Fproduct_cat&post=19220"},{"taxonomy":"product_tag","embeddable":true,"href":"https:\/\/moveupfashion.cz\/index.php?rest_route=%2Fwp%2Fv2%2Fproduct_tag&post=19220"}],"curies":[{"name":"wp","href":"https:\/\/api.w.org\/{rel}","templated":true}]}}