{"id":18907,"date":"2021-01-14T11:02:22","date_gmt":"2021-01-14T10:02:22","guid":{"rendered":"https:\/\/moveupfashion.cz\/?post_type=product&#038;p=18907"},"modified":"2021-05-15T12:42:35","modified_gmt":"2021-05-15T10:42:35","slug":"damska-kabelka-z-prave-kuze-bezova","status":"publish","type":"product","link":"https:\/\/moveupfashion.cz\/?product=damska-kabelka-z-prave-kuze-bezova","title":{"rendered":"D\u00c1MSK\u00c1 KABELKA Z PRAV\u00c9 K\u016e\u017dE (B\u00c9\u017dOV\u00c1)"},"content":{"rendered":"<div>Mal\u00e1 d\u00e1msk\u00e1 kabelka p\u0159es rameno z prav\u00e9 k\u016f\u017ee.<\/div>\n<div>Zap\u00edn\u00e1n\u00ed na zip.<\/div>\n<div><\/div>\n","protected":false},"excerpt":{"rendered":"<div id=\"short_description_block\">\n<div id=\"short_description_content\" class=\"rte align_justify\">\n<div>\n<div>100% ru\u010dn\u00ed pr\u00e1ce.<br \/>\nVyrobeno v \u010cR.<\/div>\n<div>Materi\u00e1l: k\u016f\u017ee<\/div>\n<\/div>\n<div>\n<div>Rozm\u011bry: 18 x 12 x 6 cm<\/div>\n<div><\/div>\n<\/div>\n<\/div>\n<\/div>\n","protected":false},"featured_media":18875,"comment_status":"open","ping_status":"closed","template":"","meta":[],"product_cat":[66,209,280,70],"product_tag":[],"_links":{"self":[{"href":"https:\/\/moveupfashion.cz\/index.php?rest_route=\/wp\/v2\/product\/18907"}],"collection":[{"href":"https:\/\/moveupfashion.cz\/index.php?rest_route=\/wp\/v2\/product"}],"about":[{"href":"https:\/\/moveupfashion.cz\/index.php?rest_route=\/wp\/v2\/types\/product"}],"replies":[{"embeddable":true,"href":"https:\/\/moveupfashion.cz\/index.php?rest_route=%2Fwp%2Fv2%2Fcomments&post=18907"}],"wp:featuredmedia":[{"embeddable":true,"href":"https:\/\/moveupfashion.cz\/index.php?rest_route=\/wp\/v2\/media\/18875"}],"wp:attachment":[{"href":"https:\/\/moveupfashion.cz\/index.php?rest_route=%2Fwp%2Fv2%2Fmedia&parent=18907"}],"wp:term":[{"taxonomy":"product_cat","embeddable":true,"href":"https:\/\/moveupfashion.cz\/index.php?rest_route=%2Fwp%2Fv2%2Fproduct_cat&post=18907"},{"taxonomy":"product_tag","embeddable":true,"href":"https:\/\/moveupfashion.cz\/index.php?rest_route=%2Fwp%2Fv2%2Fproduct_tag&post=18907"}],"curies":[{"name":"wp","href":"https:\/\/api.w.org\/{rel}","templated":true}]}}