{"id":18602,"date":"2020-12-11T14:42:42","date_gmt":"2020-12-11T13:42:42","guid":{"rendered":"https:\/\/moveupfashion.cz\/?post_type=product&#038;p=18602"},"modified":"2023-12-14T12:31:22","modified_gmt":"2023-12-14T11:31:22","slug":"damsky-kozeny-opasek-cerny-2-cm-2","status":"publish","type":"product","link":"https:\/\/moveupfashion.cz\/?product=damsky-kozeny-opasek-cerny-2-cm-2","title":{"rendered":"D\u00c1MSK\u00dd KO\u017dEN\u00dd OPASEK, \u010cERN\u00dd (2 cm)"},"content":{"rendered":"<p>D\u00e1msk\u00fd ko\u017een\u00fd opasek z hov\u011bz\u00ed k\u016f\u017ee je dopln\u011bn decentn\u00ed kovovou obd\u00e9ln\u00edkovou sponou. Obvod pasu 80 \u2014 100 \u0441m.<br \/>\nKvalitn\u00ed ru\u010dn\u011b vyroben\u00fd ko\u017een\u00fd opasek.<br \/>\n\u0160\u00ed\u0159e opasku: 2 cm<\/p>\n","protected":false},"excerpt":{"rendered":"<div class=\"letter letter_priority_3 letter_unread_false letter_attach_false letter_single letter_first letter_last letter_fluid letter_native-sticky letter_hover-support letter_expanded-next letter_light-mode\">\n<div class=\"letter__body\">\n<div class=\"letter-body\">\n<div class=\"letter-body__body\">\n<div class=\"letter-body__body-wrapper\">\n<div class=\"letter-body__body-content\" tabindex=\"-1\">\n<div class=\"html-parser\">\n<div class=\"html-fishing\">\n<div class=\"html-expander\">\n<div class=\"js-helper js-readmsg-msg\">\n<div id=\"style_16046670810894981640_BODY\">\n<div class=\"cl_673468\">\n<div class=\"cl_673468\">100% ru\u010dn\u00ed pr\u00e1ce.<\/div>\n<div>\n<div>Vyrobeno v \u010cR.<\/div>\n<div>Materi\u00e1l: 100% k\u016f\u017ee<\/div>\n<\/div>\n<\/div>\n<\/div>\n<\/div>\n<\/div>\n<\/div>\n<\/div>\n<\/div>\n<\/div>\n<\/div>\n<\/div>\n<\/div>\n<\/div>\n","protected":false},"featured_media":18587,"comment_status":"open","ping_status":"closed","template":"","meta":[],"product_cat":[70,93],"product_tag":[],"_links":{"self":[{"href":"https:\/\/moveupfashion.cz\/index.php?rest_route=\/wp\/v2\/product\/18602"}],"collection":[{"href":"https:\/\/moveupfashion.cz\/index.php?rest_route=\/wp\/v2\/product"}],"about":[{"href":"https:\/\/moveupfashion.cz\/index.php?rest_route=\/wp\/v2\/types\/product"}],"replies":[{"embeddable":true,"href":"https:\/\/moveupfashion.cz\/index.php?rest_route=%2Fwp%2Fv2%2Fcomments&post=18602"}],"wp:featuredmedia":[{"embeddable":true,"href":"https:\/\/moveupfashion.cz\/index.php?rest_route=\/wp\/v2\/media\/18587"}],"wp:attachment":[{"href":"https:\/\/moveupfashion.cz\/index.php?rest_route=%2Fwp%2Fv2%2Fmedia&parent=18602"}],"wp:term":[{"taxonomy":"product_cat","embeddable":true,"href":"https:\/\/moveupfashion.cz\/index.php?rest_route=%2Fwp%2Fv2%2Fproduct_cat&post=18602"},{"taxonomy":"product_tag","embeddable":true,"href":"https:\/\/moveupfashion.cz\/index.php?rest_route=%2Fwp%2Fv2%2Fproduct_tag&post=18602"}],"curies":[{"name":"wp","href":"https:\/\/api.w.org\/{rel}","templated":true}]}}