{"id":18342,"date":"2020-12-04T10:54:05","date_gmt":"2020-12-04T09:54:05","guid":{"rendered":"https:\/\/moveupfashion.cz\/?post_type=product&#038;p=18342"},"modified":"2022-11-28T10:21:00","modified_gmt":"2022-11-28T09:21:00","slug":"damska-kozesinova-vesta-stribrna-liska-blue-frost","status":"publish","type":"product","link":"https:\/\/moveupfashion.cz\/?product=damska-kozesinova-vesta-stribrna-liska-blue-frost","title":{"rendered":"D\u00c1MSK\u00c1 KO\u017dE\u0160INOV\u00c1 VESTA (ST\u0158\u00cdBRN\u00c1 LI\u0160KA \/ BLUE FROST), 60 &#8211; 65 cm"},"content":{"rendered":"<p>Kr\u00e1sn\u00e1, hebk\u00e1 a h\u0159ejiv\u00e1 vesta &#8211; origin\u00e1ln\u00ed dopln\u011bk k jak\u00e9mukoliv oble\u010den\u00ed.<\/p>\n<p>Ka\u017eda vesta je origin\u00e1ln\u00ed. Pouze chemick\u00e9 \u010di\u0161t\u011bn\u00ed.<\/p>\n<p>Mo\u017en\u00e1 odchylka v m\u00ed\u0159e 1 &#8211; 2 cm. Barevn\u00fd odst\u00edn se ve skute\u010dnosti m\u016f\u017ee m\u00edrn\u011b li\u0161it od fotografie.<\/p>\n<p>Dle objedn\u00e1vky d\u00e1 se ud\u011blat vestu nebo bundu z r\u016fzn\u00e9 ko\u017ei\u0161iny (st\u0159\u00edbrn\u00e1 li\u0161ka p\u0159\u00edrodn\u00ed barvy, st\u0159\u00edbrn\u00e1 li\u0161ka obarven\u00e1, m\u00edval, \u010derven\u00e1 li\u0161ka, pol\u00e1rn\u00ed li\u0161ka obarven\u00e1).<\/p>\n<p>100% nez\u00e1vadn\u00e1 a kvalitn\u00ed ko\u017ee\u0161ina (Kombinace pr\u00e1v\u00e9 ko\u017ee\u0161iny a semi\u0161e. )<br \/>\nKo\u017ee\u0161inu skladovat v prody\u0161n\u00e9m l\u00e1tkov\u00e9m obalu nebo v pap\u00edrov\u00e9 krabici.<\/p>\n<p>D\u00e9lka cca 60 &#8211; 65 cm<\/p>\n<p style=\"text-align: center;\">Tabulka velikost\u00ed<\/p>\n<table>\n<tbody>\n<tr>\n<td width=\"96\">\n<p style=\"text-align: center;\">Velikost<\/p>\n<\/td>\n<td style=\"text-align: center;\" width=\"96\">Obvod prsa<\/td>\n<td style=\"text-align: center;\" width=\"96\">Obvod boky<\/td>\n<\/tr>\n<tr>\n<td width=\"96\">\n<p style=\"text-align: center;\">S<\/p>\n<\/td>\n<td style=\"text-align: center;\" width=\"96\">92<\/td>\n<td style=\"text-align: center;\" width=\"96\">96<\/td>\n<\/tr>\n<tr>\n<td width=\"96\">\n<p style=\"text-align: center;\">M<\/p>\n<\/td>\n<td style=\"text-align: center;\" width=\"96\">96<\/td>\n<td width=\"96\">\n<p style=\"text-align: center;\">100<\/p>\n<\/td>\n<\/tr>\n<tr>\n<td width=\"96\">\n<p style=\"text-align: center;\">L<\/p>\n<\/td>\n<td style=\"text-align: center;\" width=\"96\">100<\/td>\n<td width=\"96\">\n<p style=\"text-align: center;\">104<\/p>\n<\/td>\n<\/tr>\n<tr>\n<td width=\"96\">\n<p style=\"text-align: center;\">XL<\/p>\n<\/td>\n<td width=\"96\">\n<p style=\"text-align: center;\">105<\/p>\n<\/td>\n<td width=\"96\">\n<p style=\"text-align: center;\">108<\/p>\n<\/td>\n<\/tr>\n<tr>\n<td style=\"text-align: center;\" width=\"96\">XXL<\/td>\n<td style=\"text-align: center;\" width=\"96\">110<\/td>\n<td width=\"96\">\n<p style=\"text-align: center;\">114<\/p>\n<\/td>\n<\/tr>\n<\/tbody>\n<\/table>\n<p>&nbsp;<\/p>\n<p>Ko\u017ee\u0161inov\u00e9 v\u00fdrobky se nesm\u011bj\u00ed pr\u00e1t.<\/p>\n<p>Bude v\u00e1m zasl\u00e1n konkr\u00e9tn\u00ed ko\u017e\u00ed\u0161ek z fotografie!<br \/>\nV p\u0159\u00edpad\u011b, \u017ee V\u00e1m byla ko\u017ee\u0161ina zasl\u00e1na z\u00e1silkovou slu\u017ebou, m\u016f\u017ee b\u00fdt trochu poma\u010dkan\u00e1. Proto tento v\u00fdrobek opatrn\u011b vyjm\u011bte z obalu, prot\u0159epte a rozlo\u017een\u00fd v\u00fdrobek nechte 24 hod. narovnat. To plat\u00ed zejm\u00e9na pro ko\u017ee\u0161iny s dlouh\u00fdm vlasem (m\u00fdvalovec, li\u0161ka).<\/p>\n<p>Nena\u0161li jste ten p\u0159esn\u00fd st\u0159ih podle va\u0161ich p\u0159edstav? Dle individu\u00e1ln\u00ed objedn\u00e1vky m\u016f\u017eete zaslat fotku ko\u017ee\u0161inov\u00e9ho v\u00fdrobku z internetu na mail: andexfashion@gmail.com, dohodneme se na cen\u011b a na velikosti kterou budete pot\u0159ebovat.<\/p>\n","protected":false},"excerpt":{"rendered":"<p>Luxusn\u00ed d\u00e1msk\u00e1 vesta v \u010dern\u00e9 barvy. Je vyroben\u00e1 z kvalitn\u00ed pr\u00e1v\u00e9 ko\u017ee\u0161iny a k\u016f\u017ee, zap\u00edn\u00e1n\u00ed na zip, m\u00e1 dv\u011b bo\u010dn\u00ed kapsy.<\/p>\n<p>(od \u010desk\u00e9ho v\u00fdrobce)<\/p>\n<p>P\u0159ipi\u0161te Va\u0161e m\u00edry do pozn\u00e1mky k objedn\u00e1vce (obvod : prsa, bok, pas ).<\/p>\n","protected":false},"featured_media":18348,"comment_status":"open","ping_status":"closed","template":"","meta":[],"product_cat":[68,74],"product_tag":[],"_links":{"self":[{"href":"https:\/\/moveupfashion.cz\/index.php?rest_route=\/wp\/v2\/product\/18342"}],"collection":[{"href":"https:\/\/moveupfashion.cz\/index.php?rest_route=\/wp\/v2\/product"}],"about":[{"href":"https:\/\/moveupfashion.cz\/index.php?rest_route=\/wp\/v2\/types\/product"}],"replies":[{"embeddable":true,"href":"https:\/\/moveupfashion.cz\/index.php?rest_route=%2Fwp%2Fv2%2Fcomments&post=18342"}],"wp:featuredmedia":[{"embeddable":true,"href":"https:\/\/moveupfashion.cz\/index.php?rest_route=\/wp\/v2\/media\/18348"}],"wp:attachment":[{"href":"https:\/\/moveupfashion.cz\/index.php?rest_route=%2Fwp%2Fv2%2Fmedia&parent=18342"}],"wp:term":[{"taxonomy":"product_cat","embeddable":true,"href":"https:\/\/moveupfashion.cz\/index.php?rest_route=%2Fwp%2Fv2%2Fproduct_cat&post=18342"},{"taxonomy":"product_tag","embeddable":true,"href":"https:\/\/moveupfashion.cz\/index.php?rest_route=%2Fwp%2Fv2%2Fproduct_tag&post=18342"}],"curies":[{"name":"wp","href":"https:\/\/api.w.org\/{rel}","templated":true}]}}