{"id":18083,"date":"2020-11-29T23:09:23","date_gmt":"2020-11-29T22:09:23","guid":{"rendered":"https:\/\/moveupfashion.cz\/?post_type=product&#038;p=18083"},"modified":"2022-10-13T11:00:36","modified_gmt":"2022-10-13T09:00:36","slug":"kozesinovy-lem-na-kapuci-andex-myval-finsky-modry","status":"publish","type":"product","link":"https:\/\/moveupfashion.cz\/?product=kozesinovy-lem-na-kapuci-andex-myval-finsky-modry","title":{"rendered":"KO\u017dE\u0160INOV\u00dd LEM NA KAPUCI &#8222;ANDEX&#8220; (M\u00ddVAL FINSK\u00dd \/  MODR\u00dd)"},"content":{"rendered":"<p>Lem m\u016f\u017eete na\u0161\u00edt p\u0159\u00edmo na kapuci bundy nebo kab\u00e1tu.<\/p>\n<p>Pod\u0161\u00edvka vnit\u0159n\u00ed obvod &#8211; 73cm<\/p>\n<p>Vn\u011bj\u0161\u00ed obvod: 80 &#8211; 85 cm<\/p>\n<p>Vn\u011bj\u0161\u00ed \u0161\u00ed\u0159ka: 12 &#8211; 15 cm<\/p>\n<p>100% ko\u017ee\u0161ina<\/p>\n<p>100% \u010desk\u00fd produkt<\/p>\n<p>100% ru\u010dn\u00ed pr\u00e1ce<\/p>\n<p>&nbsp;<\/p>\n<p>Ko\u017ee\u0161inu skladovat v prody\u0161n\u00e9m l\u00e1tkov\u00e9m obalu nebo v pap\u00edrov\u00e9 krabici.<\/p>\n<p>Ko\u017ee\u0161inov\u00e9 v\u00fdrobky se nesm\u011bj\u00ed pr\u00e1t.<\/p>\n<p>V p\u0159\u00edpad\u011b, \u017ee V\u00e1m byla ko\u017ee\u0161ina zasl\u00e1na z\u00e1silkovou slu\u017ebou, m\u016f\u017ee b\u00fdt trochu poma\u010dkan\u00e1. Proto tento v\u00fdrobek opatrn\u011b vyjm\u011bte z obalu, prot\u0159epte a rozlo\u017een\u00fd v\u00fdrobek nechte 24 hod. narovnat. To plat\u00ed zejm\u00e9na pro ko\u017ee\u0161iny s dlouh\u00fdm vlasem (m\u00fdvalovec, li\u0161ka).<\/p>\n","protected":false},"excerpt":{"rendered":"<p>M\u016f\u017eeme vyrobit v jak\u00e9koliv \u0161\u00ed\u0159ce a d\u00e9lce, p\u0159ipi\u0161te Va\u0161e m\u00edry do pozn\u00e1mky k objedn\u00e1vce.<\/p>\n","protected":false},"featured_media":18069,"comment_status":"open","ping_status":"closed","template":"","meta":[],"product_cat":[69,82],"product_tag":[],"_links":{"self":[{"href":"https:\/\/moveupfashion.cz\/index.php?rest_route=\/wp\/v2\/product\/18083"}],"collection":[{"href":"https:\/\/moveupfashion.cz\/index.php?rest_route=\/wp\/v2\/product"}],"about":[{"href":"https:\/\/moveupfashion.cz\/index.php?rest_route=\/wp\/v2\/types\/product"}],"replies":[{"embeddable":true,"href":"https:\/\/moveupfashion.cz\/index.php?rest_route=%2Fwp%2Fv2%2Fcomments&post=18083"}],"wp:featuredmedia":[{"embeddable":true,"href":"https:\/\/moveupfashion.cz\/index.php?rest_route=\/wp\/v2\/media\/18069"}],"wp:attachment":[{"href":"https:\/\/moveupfashion.cz\/index.php?rest_route=%2Fwp%2Fv2%2Fmedia&parent=18083"}],"wp:term":[{"taxonomy":"product_cat","embeddable":true,"href":"https:\/\/moveupfashion.cz\/index.php?rest_route=%2Fwp%2Fv2%2Fproduct_cat&post=18083"},{"taxonomy":"product_tag","embeddable":true,"href":"https:\/\/moveupfashion.cz\/index.php?rest_route=%2Fwp%2Fv2%2Fproduct_tag&post=18083"}],"curies":[{"name":"wp","href":"https:\/\/api.w.org\/{rel}","templated":true}]}}