{"id":17840,"date":"2020-11-18T21:04:03","date_gmt":"2020-11-18T20:04:03","guid":{"rendered":"https:\/\/moveupfashion.cz\/?post_type=product&#038;p=17840"},"modified":"2021-05-15T12:42:51","modified_gmt":"2021-05-15T10:42:51","slug":"damska-kozena-penezenka-ozdobena-pravou-kozesinou-norek-hneda","status":"publish","type":"product","link":"https:\/\/moveupfashion.cz\/?product=damska-kozena-penezenka-ozdobena-pravou-kozesinou-norek-hneda","title":{"rendered":"D\u00c1MSK\u00c1 KO\u017dEN\u00c1 PEN\u011a\u017dENKA OZDOBEN\u00c1 PR\u00c1VOU KO\u017dE\u0160\u00cdNOU, NOREK (HN\u011aD\u00c1)"},"content":{"rendered":"","protected":false},"excerpt":{"rendered":"<div class=\"letter letter_priority_3 letter_unread_false letter_attach_false letter_single letter_first letter_last letter_fluid letter_native-sticky letter_hover-support letter_expanded-next letter_light-mode\">\n<div class=\"letter__body\">\n<div class=\"letter-body\">\n<div class=\"letter-body__body\">\n<div class=\"letter-body__body-wrapper\">\n<div class=\"letter-body__body-content\" tabindex=\"-1\">\n<div class=\"html-parser\">\n<div class=\"html-fishing\">\n<div class=\"html-expander\">\n<div class=\"js-helper js-readmsg-msg\">\n<div id=\"style_16046670810894981640_BODY\">\n<div class=\"cl_673468\">\n<div>D\u00e1msk\u00e1 pen\u011b\u017eenka je vyrobena z kvalitn\u00ed k\u016f\u017ee a ko\u017ee\u0161\u00ednou.<\/div>\n<div>100% k\u016f\u017ee \/ norek<br \/>\nRozm\u011bry:<\/div>\n<\/div>\n<\/div>\n<\/div>\n<\/div>\n<\/div>\n<\/div>\n<\/div>\n<\/div>\n<\/div>\n<\/div>\n<\/div>\n<div class=\"letter__footer\">\n<div class=\"letter__footer-background\">\n<div class=\"letter__footer-buttons\">\n<div class=\"letter__footer-button\"><span class=\"button2 button2_has-ico button2_reply button2_clean button2_hover-support js-shortcut\" title=\"\u041e\u0442\u0432\u0435\u0442\u0438\u0442\u044c\" data-title-shortcut=\"R\"><span class=\"button2__wrapper\"><span class=\"button2__txt\">\u00a0<\/span><\/span><\/span><\/div>\n<\/div>\n<\/div>\n<\/div>\n<\/div>\n","protected":false},"featured_media":17830,"comment_status":"open","ping_status":"closed","template":"","meta":[],"product_cat":[70,233],"product_tag":[],"_links":{"self":[{"href":"https:\/\/moveupfashion.cz\/index.php?rest_route=\/wp\/v2\/product\/17840"}],"collection":[{"href":"https:\/\/moveupfashion.cz\/index.php?rest_route=\/wp\/v2\/product"}],"about":[{"href":"https:\/\/moveupfashion.cz\/index.php?rest_route=\/wp\/v2\/types\/product"}],"replies":[{"embeddable":true,"href":"https:\/\/moveupfashion.cz\/index.php?rest_route=%2Fwp%2Fv2%2Fcomments&post=17840"}],"wp:featuredmedia":[{"embeddable":true,"href":"https:\/\/moveupfashion.cz\/index.php?rest_route=\/wp\/v2\/media\/17830"}],"wp:attachment":[{"href":"https:\/\/moveupfashion.cz\/index.php?rest_route=%2Fwp%2Fv2%2Fmedia&parent=17840"}],"wp:term":[{"taxonomy":"product_cat","embeddable":true,"href":"https:\/\/moveupfashion.cz\/index.php?rest_route=%2Fwp%2Fv2%2Fproduct_cat&post=17840"},{"taxonomy":"product_tag","embeddable":true,"href":"https:\/\/moveupfashion.cz\/index.php?rest_route=%2Fwp%2Fv2%2Fproduct_tag&post=17840"}],"curies":[{"name":"wp","href":"https:\/\/api.w.org\/{rel}","templated":true}]}}