{"id":17786,"date":"2020-11-18T20:30:15","date_gmt":"2020-11-18T19:30:15","guid":{"rendered":"https:\/\/moveupfashion.cz\/?post_type=product&#038;p=17786"},"modified":"2023-03-09T11:46:31","modified_gmt":"2023-03-09T10:46:31","slug":"damska-kozenkova-penezenka-cerna-2","status":"publish","type":"product","link":"https:\/\/moveupfashion.cz\/?product=damska-kozenkova-penezenka-cerna-2","title":{"rendered":"D\u00c1MSK\u00c1 KO\u017dENKOV\u00c1 PEN\u011a\u017dENKA (\u010cERN\u00c1)"},"content":{"rendered":"","protected":false},"excerpt":{"rendered":"<div class=\"letter letter_priority_3 letter_unread_false letter_attach_false letter_single letter_first letter_last letter_fluid letter_native-sticky letter_hover-support letter_expanded-next letter_light-mode\">\n<div class=\"letter__body\">\n<div class=\"letter-body\">\n<div class=\"letter-body__body\">\n<div class=\"letter-body__body-wrapper\">\n<div class=\"letter-body__body-content\" tabindex=\"-1\">\n<div class=\"html-parser\">\n<div class=\"html-fishing\">\n<div class=\"html-expander\">\n<div class=\"js-helper js-readmsg-msg\">\n<div id=\"style_16046670810894981640_BODY\">\n<div class=\"cl_673468\">\n<div>Materi\u00e1l: ko\u017eenka<\/div>\n<div>Rozm\u011bry: 19 x 10 x 4 cm<\/div>\n<\/div>\n<\/div>\n<\/div>\n<\/div>\n<\/div>\n<\/div>\n<\/div>\n<\/div>\n<\/div>\n<\/div>\n<\/div>\n<\/div>\n","protected":false},"featured_media":17775,"comment_status":"open","ping_status":"closed","template":"","meta":[],"product_cat":[70,235],"product_tag":[],"_links":{"self":[{"href":"https:\/\/moveupfashion.cz\/index.php?rest_route=\/wp\/v2\/product\/17786"}],"collection":[{"href":"https:\/\/moveupfashion.cz\/index.php?rest_route=\/wp\/v2\/product"}],"about":[{"href":"https:\/\/moveupfashion.cz\/index.php?rest_route=\/wp\/v2\/types\/product"}],"replies":[{"embeddable":true,"href":"https:\/\/moveupfashion.cz\/index.php?rest_route=%2Fwp%2Fv2%2Fcomments&post=17786"}],"wp:featuredmedia":[{"embeddable":true,"href":"https:\/\/moveupfashion.cz\/index.php?rest_route=\/wp\/v2\/media\/17775"}],"wp:attachment":[{"href":"https:\/\/moveupfashion.cz\/index.php?rest_route=%2Fwp%2Fv2%2Fmedia&parent=17786"}],"wp:term":[{"taxonomy":"product_cat","embeddable":true,"href":"https:\/\/moveupfashion.cz\/index.php?rest_route=%2Fwp%2Fv2%2Fproduct_cat&post=17786"},{"taxonomy":"product_tag","embeddable":true,"href":"https:\/\/moveupfashion.cz\/index.php?rest_route=%2Fwp%2Fv2%2Fproduct_tag&post=17786"}],"curies":[{"name":"wp","href":"https:\/\/api.w.org\/{rel}","templated":true}]}}