{"id":17743,"date":"2020-11-18T17:03:09","date_gmt":"2020-11-18T16:03:09","guid":{"rendered":"https:\/\/moveupfashion.cz\/?post_type=product&#038;p=17743"},"modified":"2021-05-15T12:42:55","modified_gmt":"2021-05-15T10:42:55","slug":"damska-kozenkova-penezenka-hneda","status":"publish","type":"product","link":"https:\/\/moveupfashion.cz\/?product=damska-kozenkova-penezenka-hneda","title":{"rendered":"D\u00c1MSK\u00c1 KO\u017dENKOV\u00c1 PEN\u011a\u017dENKA (ORAN\u017dOV\u00c1)"},"content":{"rendered":"","protected":false},"excerpt":{"rendered":"<div class=\"letter letter_priority_3 letter_unread_false letter_attach_false letter_single letter_first letter_last letter_fluid letter_native-sticky letter_hover-support letter_expanded-next letter_light-mode\">\n<div class=\"letter__body\">\n<div class=\"letter-body\">\n<div class=\"letter-body__body\">\n<div class=\"letter-body__body-wrapper\">\n<div class=\"letter-body__body-content\" tabindex=\"-1\">\n<div class=\"html-parser\">\n<div class=\"html-fishing\">\n<div class=\"html-expander\">\n<div class=\"js-helper js-readmsg-msg\">\n<div id=\"style_16046670810894981640_BODY\">\n<div class=\"cl_673468\">\n<div>Materi\u00e1l: ko\u017eenka<\/div>\n<\/div>\n<\/div>\n<\/div>\n<\/div>\n<\/div>\n<\/div>\n<\/div>\n<\/div>\n<\/div>\n<\/div>\n<\/div>\n<\/div>\n","protected":false},"featured_media":17746,"comment_status":"open","ping_status":"closed","template":"","meta":[],"product_cat":[70,235],"product_tag":[],"_links":{"self":[{"href":"https:\/\/moveupfashion.cz\/index.php?rest_route=\/wp\/v2\/product\/17743"}],"collection":[{"href":"https:\/\/moveupfashion.cz\/index.php?rest_route=\/wp\/v2\/product"}],"about":[{"href":"https:\/\/moveupfashion.cz\/index.php?rest_route=\/wp\/v2\/types\/product"}],"replies":[{"embeddable":true,"href":"https:\/\/moveupfashion.cz\/index.php?rest_route=%2Fwp%2Fv2%2Fcomments&post=17743"}],"wp:featuredmedia":[{"embeddable":true,"href":"https:\/\/moveupfashion.cz\/index.php?rest_route=\/wp\/v2\/media\/17746"}],"wp:attachment":[{"href":"https:\/\/moveupfashion.cz\/index.php?rest_route=%2Fwp%2Fv2%2Fmedia&parent=17743"}],"wp:term":[{"taxonomy":"product_cat","embeddable":true,"href":"https:\/\/moveupfashion.cz\/index.php?rest_route=%2Fwp%2Fv2%2Fproduct_cat&post=17743"},{"taxonomy":"product_tag","embeddable":true,"href":"https:\/\/moveupfashion.cz\/index.php?rest_route=%2Fwp%2Fv2%2Fproduct_tag&post=17743"}],"curies":[{"name":"wp","href":"https:\/\/api.w.org\/{rel}","templated":true}]}}