{"id":17587,"date":"2020-11-11T22:26:20","date_gmt":"2020-11-11T21:26:20","guid":{"rendered":"https:\/\/moveupfashion.cz\/?post_type=product&#038;p=17587"},"modified":"2021-05-15T12:43:01","modified_gmt":"2021-05-15T10:43:01","slug":"kabelka-z-prave-kozesiny-liska-andex","status":"publish","type":"product","link":"https:\/\/moveupfashion.cz\/?product=kabelka-z-prave-kozesiny-liska-andex","title":{"rendered":"KABELKA Z PRAV\u00c9 KO\u017dE\u0160INY (LI\u0160KA) &#8222;ANDEX&#8220;"},"content":{"rendered":"<p>Ka\u017ed\u00e1\u00a0kabelka je origin\u00e1l.<br \/>\nKr\u00e1sn\u00e1 ko\u017een\u00e1 kabelka \u00a0&#8211; origin\u00e1ln\u00ed dopln\u011bk ke jak\u00e9mukoliv oble\u010den\u00ed.<\/p>\n<p>Pod\u0161\u00edvka &#8211;\u00a0100% polyester<\/p>\n<p>100% nez\u00e1vadn\u00e1 a kvalitn\u00ed ko\u017ee\u0161ina<br \/>\n100% \u010desk\u00fd produkt<br \/>\n100% ru\u010dn\u00ed pr\u00e1ce<\/p>\n<p>Ko\u017ee\u0161inu skladovat v prody\u0161n\u00e9m l\u00e1tkov\u00e9m obalu nebo v pap\u00edrov\u00e9 krabici.<br \/>\nKo\u017ee\u0161inov\u00e9\u00a0v\u00fdrobky se nesm\u011bj\u00ed pr\u00e1t.<\/p>\n<p>V p\u0159\u00edpad\u011b, \u017ee V\u00e1m byla ko\u017ee\u0161ina zasl\u00e1na z\u00e1silkovou slu\u017ebou, m\u016f\u017ee b\u00fdt trochu poma\u010dkan\u00e1. Proto tento v\u00fdrobek opatrn\u011b vyjm\u011bte z obalu, prot\u0159epte a rozlo\u017een\u00fd v\u00fdrobek nechte 24 hod. narovnat. To plat\u00ed zejm\u00e9na pro ko\u017ee\u0161iny s dlouh\u00fdm vlasem (m\u00fdvalovec, li\u0161ka).<\/p>\n","protected":false},"excerpt":{"rendered":"<p>Luxusn\u00ed\u00a0kabelka\u00a0z\u00a0prav\u00e9\u00a0ko\u017ee\u0161iny.<\/p>\n<p>Kabelka\u00a0je\u00a0ko\u017een\u00e1,\u00a0ozdoben\u00e1\u00a0ko\u017ee\u0161inou.<\/p>\n","protected":false},"featured_media":17589,"comment_status":"open","ping_status":"closed","template":"","meta":[],"product_cat":[69,86],"product_tag":[],"_links":{"self":[{"href":"https:\/\/moveupfashion.cz\/index.php?rest_route=\/wp\/v2\/product\/17587"}],"collection":[{"href":"https:\/\/moveupfashion.cz\/index.php?rest_route=\/wp\/v2\/product"}],"about":[{"href":"https:\/\/moveupfashion.cz\/index.php?rest_route=\/wp\/v2\/types\/product"}],"replies":[{"embeddable":true,"href":"https:\/\/moveupfashion.cz\/index.php?rest_route=%2Fwp%2Fv2%2Fcomments&post=17587"}],"wp:featuredmedia":[{"embeddable":true,"href":"https:\/\/moveupfashion.cz\/index.php?rest_route=\/wp\/v2\/media\/17589"}],"wp:attachment":[{"href":"https:\/\/moveupfashion.cz\/index.php?rest_route=%2Fwp%2Fv2%2Fmedia&parent=17587"}],"wp:term":[{"taxonomy":"product_cat","embeddable":true,"href":"https:\/\/moveupfashion.cz\/index.php?rest_route=%2Fwp%2Fv2%2Fproduct_cat&post=17587"},{"taxonomy":"product_tag","embeddable":true,"href":"https:\/\/moveupfashion.cz\/index.php?rest_route=%2Fwp%2Fv2%2Fproduct_tag&post=17587"}],"curies":[{"name":"wp","href":"https:\/\/api.w.org\/{rel}","templated":true}]}}