{"id":17552,"date":"2020-11-11T21:30:51","date_gmt":"2020-11-11T20:30:51","guid":{"rendered":"https:\/\/moveupfashion.cz\/?post_type=product&#038;p=17552"},"modified":"2021-05-15T12:43:01","modified_gmt":"2021-05-15T10:43:01","slug":"damsky-siroky-opasek-kozeny-cerny-3","status":"publish","type":"product","link":"https:\/\/moveupfashion.cz\/?product=damsky-siroky-opasek-kozeny-cerny-3","title":{"rendered":"D\u00c1MSK\u00dd \u0160IROK\u00dd OPASEK \/ KO\u017dEN\u00dd (\u010cERN\u00dd)"},"content":{"rendered":"","protected":false},"excerpt":{"rendered":"<div class=\"letter letter_priority_3 letter_unread_false letter_attach_false letter_single letter_first letter_last letter_fluid letter_native-sticky letter_hover-support letter_expanded-next letter_light-mode\">\n<div class=\"letter__body\">\n<div class=\"letter-body\">\n<div class=\"letter-body__body\">\n<div class=\"letter-body__body-wrapper\">\n<div class=\"letter-body__body-content\" tabindex=\"-1\">\n<div class=\"html-parser\">\n<div class=\"html-fishing\">\n<div class=\"html-expander\">\n<div class=\"js-helper js-readmsg-msg\">\n<div id=\"style_16046670810894981640_BODY\">\n<div class=\"cl_673468\">D\u00e1msk\u00fd ko\u017een\u00fd opasek z hov\u011bz\u00ed k\u016f\u017ee je dopln\u011bn decentn\u00ed kovovou obd\u00e9ln\u00edkovou sponou. Obvod pasu 80 \u2014 105 \u0441m.<br \/>\nKvalitn\u00ed ru\u010dn\u011b vyroben\u00fd ko\u017een\u00fd opasek.<br \/>\n&#8211; 100% k\u016f\u017ee<br \/>\n&#8211; \u0161\u00ed\u0159e opasku: 8 cm<\/div>\n<\/div>\n<\/div>\n<\/div>\n<\/div>\n<\/div>\n<\/div>\n<\/div>\n<\/div>\n<\/div>\n<\/div>\n<\/div>\n","protected":false},"featured_media":17549,"comment_status":"open","ping_status":"closed","template":"","meta":[],"product_cat":[70,93],"product_tag":[],"_links":{"self":[{"href":"https:\/\/moveupfashion.cz\/index.php?rest_route=\/wp\/v2\/product\/17552"}],"collection":[{"href":"https:\/\/moveupfashion.cz\/index.php?rest_route=\/wp\/v2\/product"}],"about":[{"href":"https:\/\/moveupfashion.cz\/index.php?rest_route=\/wp\/v2\/types\/product"}],"replies":[{"embeddable":true,"href":"https:\/\/moveupfashion.cz\/index.php?rest_route=%2Fwp%2Fv2%2Fcomments&post=17552"}],"wp:featuredmedia":[{"embeddable":true,"href":"https:\/\/moveupfashion.cz\/index.php?rest_route=\/wp\/v2\/media\/17549"}],"wp:attachment":[{"href":"https:\/\/moveupfashion.cz\/index.php?rest_route=%2Fwp%2Fv2%2Fmedia&parent=17552"}],"wp:term":[{"taxonomy":"product_cat","embeddable":true,"href":"https:\/\/moveupfashion.cz\/index.php?rest_route=%2Fwp%2Fv2%2Fproduct_cat&post=17552"},{"taxonomy":"product_tag","embeddable":true,"href":"https:\/\/moveupfashion.cz\/index.php?rest_route=%2Fwp%2Fv2%2Fproduct_tag&post=17552"}],"curies":[{"name":"wp","href":"https:\/\/api.w.org\/{rel}","templated":true}]}}