{"id":17451,"date":"2020-11-11T16:07:40","date_gmt":"2020-11-11T15:07:40","guid":{"rendered":"https:\/\/moveupfashion.cz\/?post_type=product&#038;p=17451"},"modified":"2021-05-15T12:43:03","modified_gmt":"2021-05-15T10:43:03","slug":"damske-kabat-zrzavy","status":"publish","type":"product","link":"https:\/\/moveupfashion.cz\/?product=damske-kabat-zrzavy","title":{"rendered":"D\u00c1MSK\u00c9 KAB\u00c1T, ZRZAV\u00dd"},"content":{"rendered":"","protected":false},"excerpt":{"rendered":"<p>Slo\u017een\u00ed: prav\u00e1 ko\u017ee\u0161ina, 45% &#8211; visk\u00f3za, 40% polyamid, 15% &#8211; polyester.<\/p>\n","protected":false},"featured_media":17435,"comment_status":"open","ping_status":"closed","template":"","meta":[],"product_cat":[15,219],"product_tag":[],"_links":{"self":[{"href":"https:\/\/moveupfashion.cz\/index.php?rest_route=\/wp\/v2\/product\/17451"}],"collection":[{"href":"https:\/\/moveupfashion.cz\/index.php?rest_route=\/wp\/v2\/product"}],"about":[{"href":"https:\/\/moveupfashion.cz\/index.php?rest_route=\/wp\/v2\/types\/product"}],"replies":[{"embeddable":true,"href":"https:\/\/moveupfashion.cz\/index.php?rest_route=%2Fwp%2Fv2%2Fcomments&post=17451"}],"wp:featuredmedia":[{"embeddable":true,"href":"https:\/\/moveupfashion.cz\/index.php?rest_route=\/wp\/v2\/media\/17435"}],"wp:attachment":[{"href":"https:\/\/moveupfashion.cz\/index.php?rest_route=%2Fwp%2Fv2%2Fmedia&parent=17451"}],"wp:term":[{"taxonomy":"product_cat","embeddable":true,"href":"https:\/\/moveupfashion.cz\/index.php?rest_route=%2Fwp%2Fv2%2Fproduct_cat&post=17451"},{"taxonomy":"product_tag","embeddable":true,"href":"https:\/\/moveupfashion.cz\/index.php?rest_route=%2Fwp%2Fv2%2Fproduct_tag&post=17451"}],"curies":[{"name":"wp","href":"https:\/\/api.w.org\/{rel}","templated":true}]}}