{"id":17421,"date":"2020-11-11T15:33:21","date_gmt":"2020-11-11T14:33:21","guid":{"rendered":"https:\/\/moveupfashion.cz\/?post_type=product&#038;p=17421"},"modified":"2021-05-15T12:43:05","modified_gmt":"2021-05-15T10:43:05","slug":"damske-kabat-sady","status":"publish","type":"product","link":"https:\/\/moveupfashion.cz\/?product=damske-kabat-sady","title":{"rendered":"D\u00c1MSK\u00c9 KAB\u00c1T, \u0160AD\u00dd"},"content":{"rendered":"","protected":false},"excerpt":{"rendered":"<p>Slo\u017een\u00ed : 45% &#8211; visk\u00f3za, 40% polyamid, 15% &#8211; polyester<\/p>\n","protected":false},"featured_media":17426,"comment_status":"open","ping_status":"closed","template":"","meta":[],"product_cat":[15,219],"product_tag":[],"_links":{"self":[{"href":"https:\/\/moveupfashion.cz\/index.php?rest_route=\/wp\/v2\/product\/17421"}],"collection":[{"href":"https:\/\/moveupfashion.cz\/index.php?rest_route=\/wp\/v2\/product"}],"about":[{"href":"https:\/\/moveupfashion.cz\/index.php?rest_route=\/wp\/v2\/types\/product"}],"replies":[{"embeddable":true,"href":"https:\/\/moveupfashion.cz\/index.php?rest_route=%2Fwp%2Fv2%2Fcomments&post=17421"}],"wp:featuredmedia":[{"embeddable":true,"href":"https:\/\/moveupfashion.cz\/index.php?rest_route=\/wp\/v2\/media\/17426"}],"wp:attachment":[{"href":"https:\/\/moveupfashion.cz\/index.php?rest_route=%2Fwp%2Fv2%2Fmedia&parent=17421"}],"wp:term":[{"taxonomy":"product_cat","embeddable":true,"href":"https:\/\/moveupfashion.cz\/index.php?rest_route=%2Fwp%2Fv2%2Fproduct_cat&post=17421"},{"taxonomy":"product_tag","embeddable":true,"href":"https:\/\/moveupfashion.cz\/index.php?rest_route=%2Fwp%2Fv2%2Fproduct_tag&post=17421"}],"curies":[{"name":"wp","href":"https:\/\/api.w.org\/{rel}","templated":true}]}}