{"id":17351,"date":"2020-11-07T18:53:50","date_gmt":"2020-11-07T17:53:50","guid":{"rendered":"https:\/\/moveupfashion.cz\/?post_type=product&#038;p=17351"},"modified":"2021-05-15T12:43:06","modified_gmt":"2021-05-15T10:43:06","slug":"damska-kozenkova-kabelka-ledvinka-cerna-2","status":"publish","type":"product","link":"https:\/\/moveupfashion.cz\/?product=damska-kozenkova-kabelka-ledvinka-cerna-2","title":{"rendered":"D\u00c1MSK\u00c1 PRO\u0160IVAN\u00c1 KABELKA \/ LEDVINKA (\u010cERN\u00c1)"},"content":{"rendered":"<div>\n<div><\/div>\n<\/div>\n<div>Rozm\u011bry: 30x20cm<\/div>\n<div>\n<div><\/div>\n<\/div>\n","protected":false},"excerpt":{"rendered":"<p>Rozm\u011bry: 30x20cm<\/p>\n","protected":false},"featured_media":17337,"comment_status":"open","ping_status":"closed","template":"","meta":[],"product_cat":[66,213,214,70],"product_tag":[],"_links":{"self":[{"href":"https:\/\/moveupfashion.cz\/index.php?rest_route=\/wp\/v2\/product\/17351"}],"collection":[{"href":"https:\/\/moveupfashion.cz\/index.php?rest_route=\/wp\/v2\/product"}],"about":[{"href":"https:\/\/moveupfashion.cz\/index.php?rest_route=\/wp\/v2\/types\/product"}],"replies":[{"embeddable":true,"href":"https:\/\/moveupfashion.cz\/index.php?rest_route=%2Fwp%2Fv2%2Fcomments&post=17351"}],"wp:featuredmedia":[{"embeddable":true,"href":"https:\/\/moveupfashion.cz\/index.php?rest_route=\/wp\/v2\/media\/17337"}],"wp:attachment":[{"href":"https:\/\/moveupfashion.cz\/index.php?rest_route=%2Fwp%2Fv2%2Fmedia&parent=17351"}],"wp:term":[{"taxonomy":"product_cat","embeddable":true,"href":"https:\/\/moveupfashion.cz\/index.php?rest_route=%2Fwp%2Fv2%2Fproduct_cat&post=17351"},{"taxonomy":"product_tag","embeddable":true,"href":"https:\/\/moveupfashion.cz\/index.php?rest_route=%2Fwp%2Fv2%2Fproduct_tag&post=17351"}],"curies":[{"name":"wp","href":"https:\/\/api.w.org\/{rel}","templated":true}]}}