{"id":16726,"date":"2020-09-16T10:24:14","date_gmt":"2020-09-16T08:24:14","guid":{"rendered":"https:\/\/moveupfashion.cz\/?post_type=product&#038;p=16726"},"modified":"2022-10-09T18:29:50","modified_gmt":"2022-10-09T16:29:50","slug":"damska-kozenkova-bunda-cerna-4","status":"publish","type":"product","link":"https:\/\/moveupfashion.cz\/?product=damska-kozenkova-bunda-cerna-4","title":{"rendered":"D\u00c1MSK\u00c1 KO\u017dENKOV\u00c1 BUNDA, \u010cERN\u00c1"},"content":{"rendered":"<p>Ko\u017eenkov\u00e1\u00a0bunda nezbytn\u00fd kousek na jaro.<\/p>\n<p>Zap\u00edn\u00e1n\u00ed na zip. Je vhodn\u00e1 na b\u011b\u017en\u00e9 no\u0161en\u00ed do m\u011bsta, m\u00e1 atraktivn\u00ed vzhled a poskytuje maxim\u00e1ln\u00ed pohodl\u00ed.<\/p>\n<p>Slo\u017een\u00ed : 100% polyuretan<\/p>\n","protected":false},"excerpt":{"rendered":"<p>Spojen\u00ed m\u00f3dn\u00edch trend\u016f a prakti\u010dnosti u tohoto modelu.<\/p>\n<p>&nbsp;<\/p>\n","protected":false},"featured_media":24710,"comment_status":"open","ping_status":"closed","template":"","meta":[],"product_cat":[15,196,198],"product_tag":[],"_links":{"self":[{"href":"https:\/\/moveupfashion.cz\/index.php?rest_route=\/wp\/v2\/product\/16726"}],"collection":[{"href":"https:\/\/moveupfashion.cz\/index.php?rest_route=\/wp\/v2\/product"}],"about":[{"href":"https:\/\/moveupfashion.cz\/index.php?rest_route=\/wp\/v2\/types\/product"}],"replies":[{"embeddable":true,"href":"https:\/\/moveupfashion.cz\/index.php?rest_route=%2Fwp%2Fv2%2Fcomments&post=16726"}],"wp:featuredmedia":[{"embeddable":true,"href":"https:\/\/moveupfashion.cz\/index.php?rest_route=\/wp\/v2\/media\/24710"}],"wp:attachment":[{"href":"https:\/\/moveupfashion.cz\/index.php?rest_route=%2Fwp%2Fv2%2Fmedia&parent=16726"}],"wp:term":[{"taxonomy":"product_cat","embeddable":true,"href":"https:\/\/moveupfashion.cz\/index.php?rest_route=%2Fwp%2Fv2%2Fproduct_cat&post=16726"},{"taxonomy":"product_tag","embeddable":true,"href":"https:\/\/moveupfashion.cz\/index.php?rest_route=%2Fwp%2Fv2%2Fproduct_tag&post=16726"}],"curies":[{"name":"wp","href":"https:\/\/api.w.org\/{rel}","templated":true}]}}