{"id":16460,"date":"2020-09-08T15:38:40","date_gmt":"2020-09-08T13:38:40","guid":{"rendered":"https:\/\/moveupfashion.cz\/?post_type=product&#038;p=16460"},"modified":"2021-05-15T12:43:20","modified_gmt":"2021-05-15T10:43:20","slug":"damsky-kardigan-ruzovy","status":"publish","type":"product","link":"https:\/\/moveupfashion.cz\/?product=damsky-kardigan-ruzovy","title":{"rendered":"D\u00c1MSK\u00dd KARDIGAN, R\u016e\u017dOV\u00dd"},"content":{"rendered":"","protected":false},"excerpt":{"rendered":"<p>Modern\u00ed model. Italsk\u00e1 kvalita.<\/p>\n<p>Materi\u00e1l: 51% visk\u00f3za, 28% polyester, 21% polyamid<\/p>\n","protected":false},"featured_media":16485,"comment_status":"open","ping_status":"closed","template":"","meta":[],"product_cat":[15,231],"product_tag":[],"_links":{"self":[{"href":"https:\/\/moveupfashion.cz\/index.php?rest_route=\/wp\/v2\/product\/16460"}],"collection":[{"href":"https:\/\/moveupfashion.cz\/index.php?rest_route=\/wp\/v2\/product"}],"about":[{"href":"https:\/\/moveupfashion.cz\/index.php?rest_route=\/wp\/v2\/types\/product"}],"replies":[{"embeddable":true,"href":"https:\/\/moveupfashion.cz\/index.php?rest_route=%2Fwp%2Fv2%2Fcomments&post=16460"}],"wp:featuredmedia":[{"embeddable":true,"href":"https:\/\/moveupfashion.cz\/index.php?rest_route=\/wp\/v2\/media\/16485"}],"wp:attachment":[{"href":"https:\/\/moveupfashion.cz\/index.php?rest_route=%2Fwp%2Fv2%2Fmedia&parent=16460"}],"wp:term":[{"taxonomy":"product_cat","embeddable":true,"href":"https:\/\/moveupfashion.cz\/index.php?rest_route=%2Fwp%2Fv2%2Fproduct_cat&post=16460"},{"taxonomy":"product_tag","embeddable":true,"href":"https:\/\/moveupfashion.cz\/index.php?rest_route=%2Fwp%2Fv2%2Fproduct_tag&post=16460"}],"curies":[{"name":"wp","href":"https:\/\/api.w.org\/{rel}","templated":true}]}}