{"id":16332,"date":"2020-08-13T12:14:32","date_gmt":"2020-08-13T10:14:32","guid":{"rendered":"https:\/\/moveupfashion.cz\/?post_type=product&#038;p=16332"},"modified":"2021-05-15T12:43:21","modified_gmt":"2021-05-15T10:43:21","slug":"damsky-cardigan-zluta","status":"publish","type":"product","link":"https:\/\/moveupfashion.cz\/?product=damsky-cardigan-zluta","title":{"rendered":"D\u00c1MSK\u00dd KARDIGAN, \u017dLUT\u00c1"},"content":{"rendered":"","protected":false},"excerpt":{"rendered":"<p>Modern\u00ed model. Italsk\u00e1 kvalita.<\/p>\n<p>Materi\u00e1l: 49% visk\u00f3za, 28% elastan, 23% PU<\/p>\n","protected":false},"featured_media":16310,"comment_status":"open","ping_status":"closed","template":"","meta":[],"product_cat":[15,231],"product_tag":[],"_links":{"self":[{"href":"https:\/\/moveupfashion.cz\/index.php?rest_route=\/wp\/v2\/product\/16332"}],"collection":[{"href":"https:\/\/moveupfashion.cz\/index.php?rest_route=\/wp\/v2\/product"}],"about":[{"href":"https:\/\/moveupfashion.cz\/index.php?rest_route=\/wp\/v2\/types\/product"}],"replies":[{"embeddable":true,"href":"https:\/\/moveupfashion.cz\/index.php?rest_route=%2Fwp%2Fv2%2Fcomments&post=16332"}],"wp:featuredmedia":[{"embeddable":true,"href":"https:\/\/moveupfashion.cz\/index.php?rest_route=\/wp\/v2\/media\/16310"}],"wp:attachment":[{"href":"https:\/\/moveupfashion.cz\/index.php?rest_route=%2Fwp%2Fv2%2Fmedia&parent=16332"}],"wp:term":[{"taxonomy":"product_cat","embeddable":true,"href":"https:\/\/moveupfashion.cz\/index.php?rest_route=%2Fwp%2Fv2%2Fproduct_cat&post=16332"},{"taxonomy":"product_tag","embeddable":true,"href":"https:\/\/moveupfashion.cz\/index.php?rest_route=%2Fwp%2Fv2%2Fproduct_tag&post=16332"}],"curies":[{"name":"wp","href":"https:\/\/api.w.org\/{rel}","templated":true}]}}