{"id":16312,"date":"2020-08-13T12:11:38","date_gmt":"2020-08-13T10:11:38","guid":{"rendered":"https:\/\/moveupfashion.cz\/?post_type=product&#038;p=16312"},"modified":"2021-05-15T12:43:22","modified_gmt":"2021-05-15T10:43:22","slug":"damsky-cardigan","status":"publish","type":"product","link":"https:\/\/moveupfashion.cz\/?product=damsky-cardigan","title":{"rendered":"D\u00c1MSK\u00dd KARDIGAN"},"content":{"rendered":"","protected":false},"excerpt":{"rendered":"<p>Modern\u00ed model. Italsk\u00e1 kvalita.<\/p>\n<p>Materi\u00e1l: 49% visk\u00f3za, 28% elastan, 23% PU<\/p>\n","protected":false},"featured_media":16305,"comment_status":"open","ping_status":"closed","template":"","meta":[],"product_cat":[15,231],"product_tag":[],"_links":{"self":[{"href":"https:\/\/moveupfashion.cz\/index.php?rest_route=\/wp\/v2\/product\/16312"}],"collection":[{"href":"https:\/\/moveupfashion.cz\/index.php?rest_route=\/wp\/v2\/product"}],"about":[{"href":"https:\/\/moveupfashion.cz\/index.php?rest_route=\/wp\/v2\/types\/product"}],"replies":[{"embeddable":true,"href":"https:\/\/moveupfashion.cz\/index.php?rest_route=%2Fwp%2Fv2%2Fcomments&post=16312"}],"wp:featuredmedia":[{"embeddable":true,"href":"https:\/\/moveupfashion.cz\/index.php?rest_route=\/wp\/v2\/media\/16305"}],"wp:attachment":[{"href":"https:\/\/moveupfashion.cz\/index.php?rest_route=%2Fwp%2Fv2%2Fmedia&parent=16312"}],"wp:term":[{"taxonomy":"product_cat","embeddable":true,"href":"https:\/\/moveupfashion.cz\/index.php?rest_route=%2Fwp%2Fv2%2Fproduct_cat&post=16312"},{"taxonomy":"product_tag","embeddable":true,"href":"https:\/\/moveupfashion.cz\/index.php?rest_route=%2Fwp%2Fv2%2Fproduct_tag&post=16312"}],"curies":[{"name":"wp","href":"https:\/\/api.w.org\/{rel}","templated":true}]}}