{"id":14943,"date":"2020-07-24T13:36:02","date_gmt":"2020-07-24T11:36:02","guid":{"rendered":"https:\/\/moveupfashion.cz\/?post_type=product&#038;p=14943"},"modified":"2021-05-15T12:43:58","modified_gmt":"2021-05-15T10:43:58","slug":"damska-halenka-z-viskozy-cerna-kopirovat","status":"publish","type":"product","link":"https:\/\/moveupfashion.cz\/?product=damska-halenka-z-viskozy-cerna-kopirovat","title":{"rendered":"D\u00c1MSK\u00c1 HALENKA Z LENU A VISKOZY, B\u00c9\u017dOV\u00c1"},"content":{"rendered":"<div id=\"columns\" class=\"offcanvas-siderbars\">\n<div class=\"main-content\">\n<div class=\"main-content-inner no-gutter\">\n<div class=\"container\">\n<div class=\"row\">\n<div id=\"center_column\" class=\"center_column space-70 col-xs-12 col-sm-12 col-md-12 col-lg-12\">\n<div id=\"content\">\n<div class=\"block_product_info\">\n<div class=\"tabs-info\">\n<div class=\"tab-content tab_product_content\">\n<div id=\"producttab-description\" class=\"page-product-box tab-pane active fade in\">\n<div class=\"rte\">\n<p>Velikost\u00a0&#8211;\u00a0univerz\u00e1ln\u00ed<\/p>\n<p>Sed\u00ed na S, M, L<\/p>\n<p>Materi\u00e1l: viskoza, len<\/p>\n<p>D\u00e9lka\u00a056-58 cm<\/p>\n<\/div>\n<\/div>\n<\/div>\n<\/div>\n<\/div>\n<\/div>\n<\/div>\n<\/div>\n<\/div>\n<\/div>\n<\/div>\n<\/div>\n","protected":false},"excerpt":{"rendered":"<div id=\"short_description_block\">\n<div id=\"short_description_content\" class=\"rte align_justify\">\n<div id=\"short_description_block\">\n<div id=\"short_description_content\" class=\"rte align_justify\">\n<p>Halenka pro ka\u017edodenn\u00ed vyu\u017eit\u00ed. Do kancel\u00e1\u0159e i do spole\u010dnosti!<\/p>\n<\/div>\n<\/div>\n<\/div>\n<\/div>\n<form id=\"buy_block\" action=\"https:\/\/moveup-fashion.cz\/cs\/kosik\" method=\"post\">\n<div class=\"box-info-product\">\n<div class=\"product_attributes clearfix\">\n<div id=\"attributes\">\n<div class=\"clearfix\"><\/div>\n<fieldset class=\"attribute_fieldset\"><\/fieldset>\n<\/div>\n<\/div>\n<\/div>\n<\/form>\n","protected":false},"featured_media":14945,"comment_status":"open","ping_status":"closed","template":"","meta":[],"product_cat":[15,206],"product_tag":[],"_links":{"self":[{"href":"https:\/\/moveupfashion.cz\/index.php?rest_route=\/wp\/v2\/product\/14943"}],"collection":[{"href":"https:\/\/moveupfashion.cz\/index.php?rest_route=\/wp\/v2\/product"}],"about":[{"href":"https:\/\/moveupfashion.cz\/index.php?rest_route=\/wp\/v2\/types\/product"}],"replies":[{"embeddable":true,"href":"https:\/\/moveupfashion.cz\/index.php?rest_route=%2Fwp%2Fv2%2Fcomments&post=14943"}],"wp:featuredmedia":[{"embeddable":true,"href":"https:\/\/moveupfashion.cz\/index.php?rest_route=\/wp\/v2\/media\/14945"}],"wp:attachment":[{"href":"https:\/\/moveupfashion.cz\/index.php?rest_route=%2Fwp%2Fv2%2Fmedia&parent=14943"}],"wp:term":[{"taxonomy":"product_cat","embeddable":true,"href":"https:\/\/moveupfashion.cz\/index.php?rest_route=%2Fwp%2Fv2%2Fproduct_cat&post=14943"},{"taxonomy":"product_tag","embeddable":true,"href":"https:\/\/moveupfashion.cz\/index.php?rest_route=%2Fwp%2Fv2%2Fproduct_tag&post=14943"}],"curies":[{"name":"wp","href":"https:\/\/api.w.org\/{rel}","templated":true}]}}