{"id":14806,"date":"2020-06-11T13:04:35","date_gmt":"2020-06-11T11:04:35","guid":{"rendered":"https:\/\/moveupfashion.cz\/?post_type=product&#038;p=14806"},"modified":"2024-05-22T11:23:25","modified_gmt":"2024-05-22T09:23:25","slug":"damska-modni-kozena-ledvinka-bila-2","status":"publish","type":"product","link":"https:\/\/moveupfashion.cz\/?product=damska-modni-kozena-ledvinka-bila-2","title":{"rendered":"D\u00c1MSK\u00c1 MODN\u00cd KO\u017dEN\u00c1 LEDVINKA (B\u00cdL\u00c1)"},"content":{"rendered":"","protected":false},"excerpt":{"rendered":"<div id=\"short_description_block\">\n<div id=\"short_description_content\" class=\"rte align_justify\">\n<p>Elegantn\u00ed d\u00e1msk\u00e1\u00a0ledvinka z pr\u00e1v\u00e9\u00a0hl\u00e1dk\u00e9 k\u016f\u017ee.<\/p>\n<div>\n<div>\n<div>M\u00f3dn\u00ed a origin\u00e1ln\u00ed st\u0159\u00edh.<\/div>\n<div>Ide\u00e1ln\u00ed pro ka\u017edou p\u0159\u00edle\u017eitost.<\/div>\n<\/div>\n<div>Modern\u00ed d\u00e1msk\u00e1 kabelka hezk\u00e9 dopln\u00ed V\u00e1\u0161 outfit<\/div>\n<\/div>\n<div><\/div>\n<div>\n<div>Materi\u00e1l: k\u016f\u017ee<\/div>\n<div>Rozm\u011bry: 10x19x4 cm<\/div>\n<\/div>\n<\/div>\n<\/div>\n","protected":false},"featured_media":14809,"comment_status":"open","ping_status":"closed","template":"","meta":[],"product_cat":[15],"product_tag":[],"_links":{"self":[{"href":"https:\/\/moveupfashion.cz\/index.php?rest_route=\/wp\/v2\/product\/14806"}],"collection":[{"href":"https:\/\/moveupfashion.cz\/index.php?rest_route=\/wp\/v2\/product"}],"about":[{"href":"https:\/\/moveupfashion.cz\/index.php?rest_route=\/wp\/v2\/types\/product"}],"replies":[{"embeddable":true,"href":"https:\/\/moveupfashion.cz\/index.php?rest_route=%2Fwp%2Fv2%2Fcomments&post=14806"}],"wp:featuredmedia":[{"embeddable":true,"href":"https:\/\/moveupfashion.cz\/index.php?rest_route=\/wp\/v2\/media\/14809"}],"wp:attachment":[{"href":"https:\/\/moveupfashion.cz\/index.php?rest_route=%2Fwp%2Fv2%2Fmedia&parent=14806"}],"wp:term":[{"taxonomy":"product_cat","embeddable":true,"href":"https:\/\/moveupfashion.cz\/index.php?rest_route=%2Fwp%2Fv2%2Fproduct_cat&post=14806"},{"taxonomy":"product_tag","embeddable":true,"href":"https:\/\/moveupfashion.cz\/index.php?rest_route=%2Fwp%2Fv2%2Fproduct_tag&post=14806"}],"curies":[{"name":"wp","href":"https:\/\/api.w.org\/{rel}","templated":true}]}}