{"id":14523,"date":"2020-06-10T18:52:09","date_gmt":"2020-06-10T16:52:09","guid":{"rendered":"https:\/\/moveupfashion.cz\/?post_type=product&#038;p=14523"},"modified":"2021-05-15T12:44:06","modified_gmt":"2021-05-15T10:44:06","slug":"damska-sifonova-tunika-tunika-z-potiskem-16","status":"publish","type":"product","link":"https:\/\/moveupfashion.cz\/?product=damska-sifonova-tunika-tunika-z-potiskem-16","title":{"rendered":"D\u00c1MSK\u00c1 \u0160IFONOV\u00c1 TUNIKA, TUNIKA Z POTISK\u00c9M"},"content":{"rendered":"","protected":false},"excerpt":{"rendered":"<p>Materi\u00e1l:\u00a0polyester<\/p>\n<p>D\u00e9lka:\u00a0 79 cm<\/p>\n<p>Velikost Univerz\u00e1ln\u00ed<br \/>\nSed\u00ed na velikost: S, M, L<\/p>\n<p>Lze pr\u00e1t v pra\u010dce do 30\u00b0C nebo ru\u010dn\u011b. Nekombinovat se sv\u011btl\u00fdm dopl\u0148kem, m\u016f\u017ee pou\u0161t\u011bt barvu.<\/p>\n","protected":false},"featured_media":26044,"comment_status":"open","ping_status":"closed","template":"","meta":[],"product_cat":[15,226],"product_tag":[],"_links":{"self":[{"href":"https:\/\/moveupfashion.cz\/index.php?rest_route=\/wp\/v2\/product\/14523"}],"collection":[{"href":"https:\/\/moveupfashion.cz\/index.php?rest_route=\/wp\/v2\/product"}],"about":[{"href":"https:\/\/moveupfashion.cz\/index.php?rest_route=\/wp\/v2\/types\/product"}],"replies":[{"embeddable":true,"href":"https:\/\/moveupfashion.cz\/index.php?rest_route=%2Fwp%2Fv2%2Fcomments&post=14523"}],"wp:featuredmedia":[{"embeddable":true,"href":"https:\/\/moveupfashion.cz\/index.php?rest_route=\/wp\/v2\/media\/26044"}],"wp:attachment":[{"href":"https:\/\/moveupfashion.cz\/index.php?rest_route=%2Fwp%2Fv2%2Fmedia&parent=14523"}],"wp:term":[{"taxonomy":"product_cat","embeddable":true,"href":"https:\/\/moveupfashion.cz\/index.php?rest_route=%2Fwp%2Fv2%2Fproduct_cat&post=14523"},{"taxonomy":"product_tag","embeddable":true,"href":"https:\/\/moveupfashion.cz\/index.php?rest_route=%2Fwp%2Fv2%2Fproduct_tag&post=14523"}],"curies":[{"name":"wp","href":"https:\/\/api.w.org\/{rel}","templated":true}]}}