{"id":13187,"date":"2020-02-10T18:30:33","date_gmt":"2020-02-10T18:30:33","guid":{"rendered":"https:\/\/moveupfashion.cz\/?post_type=product&#038;p=13187"},"modified":"2021-05-15T12:44:38","modified_gmt":"2021-05-15T10:44:38","slug":"d-msk-jarn-kab-t-b-ov","status":"publish","type":"product","link":"https:\/\/moveupfashion.cz\/?product=d-msk-jarn-kab-t-b-ov","title":{"rendered":"D\u00c1MSK\u00dd JARN\u00cd KAB\u00c1T (B\u00c9\u017dOV\u00dd)"},"content":{"rendered":"<p>Velikost univerz\u00e1ln\u00ed<\/p>\n<p>Materi\u00e1l: 100% polyester<\/p>\n<p>Ramena 45 cm, obvod p\u0159es prsa 56 cm,\u00a0obvod p\u0159es boky 27 cm, d\u00e9lka 97 cm.<\/p>\n","protected":false},"excerpt":{"rendered":"<p>D\u00e1msk\u00fd le\u017e\u00e9rn\u00ed kab\u00e1t.<\/p>\n<p>To co nikdy nevyjde z m\u00f3dy \u2013 d\u00e1msk\u00e9 kab\u00e1ty.<\/p>\n","protected":false},"featured_media":24871,"comment_status":"open","ping_status":"closed","template":"","meta":[],"product_cat":[15,219],"product_tag":[],"_links":{"self":[{"href":"https:\/\/moveupfashion.cz\/index.php?rest_route=\/wp\/v2\/product\/13187"}],"collection":[{"href":"https:\/\/moveupfashion.cz\/index.php?rest_route=\/wp\/v2\/product"}],"about":[{"href":"https:\/\/moveupfashion.cz\/index.php?rest_route=\/wp\/v2\/types\/product"}],"replies":[{"embeddable":true,"href":"https:\/\/moveupfashion.cz\/index.php?rest_route=%2Fwp%2Fv2%2Fcomments&post=13187"}],"wp:featuredmedia":[{"embeddable":true,"href":"https:\/\/moveupfashion.cz\/index.php?rest_route=\/wp\/v2\/media\/24871"}],"wp:attachment":[{"href":"https:\/\/moveupfashion.cz\/index.php?rest_route=%2Fwp%2Fv2%2Fmedia&parent=13187"}],"wp:term":[{"taxonomy":"product_cat","embeddable":true,"href":"https:\/\/moveupfashion.cz\/index.php?rest_route=%2Fwp%2Fv2%2Fproduct_cat&post=13187"},{"taxonomy":"product_tag","embeddable":true,"href":"https:\/\/moveupfashion.cz\/index.php?rest_route=%2Fwp%2Fv2%2Fproduct_tag&post=13187"}],"curies":[{"name":"wp","href":"https:\/\/api.w.org\/{rel}","templated":true}]}}